{"id":13976,"date":"2026-04-07T09:30:16","date_gmt":"2026-04-07T07:30:16","guid":{"rendered":"https:\/\/www.hotelpraktikessens.com\/condiciones-de-reserva\/"},"modified":"2026-04-07T09:35:46","modified_gmt":"2026-04-07T07:35:46","slug":"reservation-policy","status":"publish","type":"page","link":"https:\/\/www.hotelpraktikessens.com\/en\/reservation-policy\/","title":{"rendered":"Reservation policy"},"content":{"rendered":"<p><span style=\"font-weight: 400;\">Once the reservation is complete, the guest will receive a confirmation email that will serve as proof of the reservation.<\/span><\/p>\n<p><span style=\"font-weight: 400;\">The reservation will be confirmed and guaranteed by credit card. During the reservation process, the card details may be verified in order to authorize the charges specified in these terms and conditions.<\/span><\/p>\n<p><span style=\"font-weight: 400;\">In the event of a no-show at the hotel without prior notice, the amount for the first night\u2019s stay, including VAT, will be charged to the credit card on file.<\/span><\/p>\n<p><span style=\"font-weight: 400;\">Cancellation of the reservation will be free of charge provided it is made within the timeframe established in the cancellation policy applicable to the selected rate. These terms may vary depending on the dates of stay and the type of reservation made.<\/span><\/p>\n<p><span style=\"font-weight: 400;\">Once the free cancellation period has expired, Praktik Hotels may charge the amount corresponding to the first night\u2019s stay, including VAT, or the total amount of the reservation, depending on the specific conditions applicable in each case.<\/span><\/p>\n<p><span style=\"font-weight: 400;\">In cases where the total amount of the stay is charged, a full or partial refund of the amounts paid may be granted, as applicable, in accordance with the relevant regulations and for services not enjoyed.<\/span><\/p>\n<p><span style=\"font-weight: 400;\">Additionally, the stay is subject to the tourist establishment stay tax and any applicable municipal surcharge, in accordance with the regulations in effect on the date of the stay. These amounts are not included in the booking price unless otherwise stated, and they must be paid at the establishment. They will be itemized on the invoice or receipt in any case.<\/span><\/p>\n","protected":false},"excerpt":{"rendered":"<p>Once the reservation is complete, the guest will receive a confirmation email that will serve as proof of the reservation. The reservation will be confirmed and guaranteed by credit card. During the reservation process, the card details may be verified in order to authorize the charges specified in these terms and conditions. In the event [&hellip;]<\/p>\n","protected":false},"author":29,"featured_media":0,"parent":0,"menu_order":0,"comment_status":"closed","ping_status":"closed","template":"","meta":{"inline_featured_image":false,"footnotes":""},"class_list":["post-13976","page","type-page","status-publish","hentry","post-wrapper","thrv_wrapper"],"yoast_head":"<!-- This site is optimized with the Yoast SEO plugin v23.2 - https:\/\/yoast.com\/wordpress\/plugins\/seo\/ -->\n<title>Reservation policy - Hotel Praktik \u00c8ssens<\/title>\n<meta name=\"description\" content=\"Praktik \u00c8ssens pone a tu disposici\u00f3n sus Condiciones de reserva.\" \/>\n<meta name=\"robots\" content=\"index, follow, max-snippet:-1, max-image-preview:large, max-video-preview:-1\" \/>\n<link rel=\"canonical\" href=\"https:\/\/www.hotelpraktikessens.com\/en\/reservation-policy\/\" \/>\n<meta property=\"og:locale\" content=\"en_US\" \/>\n<meta property=\"og:type\" content=\"article\" \/>\n<meta property=\"og:title\" content=\"Aviso legal - Hotel Praktik \u00c8ssens\" \/>\n<meta property=\"og:description\" content=\"Praktik \u00c8ssens pone a tu disposici\u00f3n un aviso legal que te permitir\u00e1 consultar la normativa de esta web.\" \/>\n<meta property=\"og:url\" content=\"https:\/\/www.hotelpraktikessens.com\/en\/reservation-policy\/\" \/>\n<meta property=\"og:site_name\" content=\"Hotel Praktik \u00c8ssens\" \/>\n<meta property=\"article:publisher\" content=\"https:\/\/www.facebook.com\/praktikhotels\/\" \/>\n<meta property=\"article:modified_time\" content=\"2026-04-07T07:35:46+00:00\" \/>\n<meta name=\"twitter:card\" content=\"summary_large_image\" \/>\n<meta name=\"twitter:title\" content=\"Aviso legal - Hotel Praktik \u00c8ssens\" \/>\n<meta name=\"twitter:description\" content=\"Praktik \u00c8ssens pone a tu disposici\u00f3n un aviso legal que te permitir\u00e1 consultar la normativa de esta web.\" \/>\n<meta name=\"twitter:site\" content=\"@praktikhotels\" \/>\n<meta name=\"twitter:label1\" content=\"Est. reading time\" \/>\n\t<meta name=\"twitter:data1\" content=\"2 minutes\" \/>\n<script type=\"application\/ld+json\" class=\"yoast-schema-graph\">{\"@context\":\"https:\/\/schema.org\",\"@graph\":[{\"@type\":\"Article\",\"@id\":\"https:\/\/www.hotelpraktikessens.com\/en\/reservation-policy\/#article\",\"isPartOf\":{\"@id\":\"https:\/\/www.hotelpraktikessens.com\/en\/reservation-policy\/\"},\"author\":{\"name\":\"sergiomartin\",\"@id\":\"\/#\/schema\/person\/fae150a1ba960a8630c86ad1535f2ffb\"},\"headline\":\"Reservation policy\",\"datePublished\":\"2026-04-07T07:30:16+00:00\",\"dateModified\":\"2026-04-07T07:35:46+00:00\",\"mainEntityOfPage\":{\"@id\":\"https:\/\/www.hotelpraktikessens.com\/en\/reservation-policy\/\"},\"wordCount\":262,\"publisher\":{\"@id\":\"\/#organization\"},\"inLanguage\":\"en-US\"},{\"@type\":\"WebPage\",\"@id\":\"https:\/\/www.hotelpraktikessens.com\/en\/reservation-policy\/\",\"url\":\"https:\/\/www.hotelpraktikessens.com\/en\/reservation-policy\/\",\"name\":\"Reservation policy - Hotel Praktik \u00c8ssens\",\"isPartOf\":{\"@id\":\"\/#website\"},\"datePublished\":\"2026-04-07T07:30:16+00:00\",\"dateModified\":\"2026-04-07T07:35:46+00:00\",\"description\":\"Praktik \u00c8ssens pone a tu disposici\u00f3n sus Condiciones de reserva.\",\"breadcrumb\":{\"@id\":\"https:\/\/www.hotelpraktikessens.com\/en\/reservation-policy\/#breadcrumb\"},\"inLanguage\":\"en-US\",\"potentialAction\":[{\"@type\":\"ReadAction\",\"target\":[\"https:\/\/www.hotelpraktikessens.com\/en\/reservation-policy\/\"]}]},{\"@type\":\"BreadcrumbList\",\"@id\":\"https:\/\/www.hotelpraktikessens.com\/en\/reservation-policy\/#breadcrumb\",\"itemListElement\":[{\"@type\":\"ListItem\",\"position\":1,\"name\":\"Portada\",\"item\":\"https:\/\/www.hotelpraktikessens.com\/en\/\"},{\"@type\":\"ListItem\",\"position\":2,\"name\":\"Reservation policy\"}]},{\"@type\":\"WebSite\",\"@id\":\"\/#website\",\"url\":\"\/\",\"name\":\"Hotel Praktik \u00c8ssens\",\"description\":\"Hotel dedicado al mundo del perfume\",\"publisher\":{\"@id\":\"\/#organization\"},\"potentialAction\":[{\"@type\":\"SearchAction\",\"target\":{\"@type\":\"EntryPoint\",\"urlTemplate\":\"\/?s={search_term_string}\"},\"query-input\":\"required name=search_term_string\"}],\"inLanguage\":\"en-US\"},{\"@type\":\"Organization\",\"@id\":\"\/#organization\",\"name\":\"Hotel Praktik \u00c8ssens\",\"url\":\"\/\",\"logo\":{\"@type\":\"ImageObject\",\"inLanguage\":\"en-US\",\"@id\":\"\/#\/schema\/logo\/image\/\",\"url\":\"https:\/\/www.hotelpraktikessens.com\/wp-content\/uploads\/sites\/22\/2022\/11\/praktik-vinoteca-habitacion01.jpg\",\"contentUrl\":\"https:\/\/www.hotelpraktikessens.com\/wp-content\/uploads\/sites\/22\/2022\/11\/praktik-vinoteca-habitacion01.jpg\",\"width\":960,\"height\":635,\"caption\":\"Hotel Praktik \u00c8ssens\"},\"image\":{\"@id\":\"\/#\/schema\/logo\/image\/\"},\"sameAs\":[\"https:\/\/www.facebook.com\/praktikhotels\/\",\"https:\/\/x.com\/praktikhotels\",\"https:\/\/www.instagram.com\/praktikhotels\/\"]},{\"@type\":\"Person\",\"@id\":\"\/#\/schema\/person\/fae150a1ba960a8630c86ad1535f2ffb\",\"name\":\"sergiomartin\",\"image\":{\"@type\":\"ImageObject\",\"inLanguage\":\"en-US\",\"@id\":\"\/#\/schema\/person\/image\/\",\"url\":\"https:\/\/secure.gravatar.com\/avatar\/f4a117b97aefd7558dee3482b49bc347?s=96&d=mm&r=g\",\"contentUrl\":\"https:\/\/secure.gravatar.com\/avatar\/f4a117b97aefd7558dee3482b49bc347?s=96&d=mm&r=g\",\"caption\":\"sergiomartin\"}}]}<\/script>\n<!-- \/ Yoast SEO plugin. -->","yoast_head_json":{"title":"Reservation policy - Hotel Praktik \u00c8ssens","description":"Praktik \u00c8ssens pone a tu disposici\u00f3n sus Condiciones de reserva.","robots":{"index":"index","follow":"follow","max-snippet":"max-snippet:-1","max-image-preview":"max-image-preview:large","max-video-preview":"max-video-preview:-1"},"canonical":"https:\/\/www.hotelpraktikessens.com\/en\/reservation-policy\/","og_locale":"en_US","og_type":"article","og_title":"Aviso legal - Hotel Praktik \u00c8ssens","og_description":"Praktik \u00c8ssens pone a tu disposici\u00f3n un aviso legal que te permitir\u00e1 consultar la normativa de esta web.","og_url":"https:\/\/www.hotelpraktikessens.com\/en\/reservation-policy\/","og_site_name":"Hotel Praktik \u00c8ssens","article_publisher":"https:\/\/www.facebook.com\/praktikhotels\/","article_modified_time":"2026-04-07T07:35:46+00:00","twitter_card":"summary_large_image","twitter_title":"Aviso legal - Hotel Praktik \u00c8ssens","twitter_description":"Praktik \u00c8ssens pone a tu disposici\u00f3n un aviso legal que te permitir\u00e1 consultar la normativa de esta web.","twitter_site":"@praktikhotels","twitter_misc":{"Est. reading time":"2 minutes"},"schema":{"@context":"https:\/\/schema.org","@graph":[{"@type":"Article","@id":"https:\/\/www.hotelpraktikessens.com\/en\/reservation-policy\/#article","isPartOf":{"@id":"https:\/\/www.hotelpraktikessens.com\/en\/reservation-policy\/"},"author":{"name":"sergiomartin","@id":"\/#\/schema\/person\/fae150a1ba960a8630c86ad1535f2ffb"},"headline":"Reservation policy","datePublished":"2026-04-07T07:30:16+00:00","dateModified":"2026-04-07T07:35:46+00:00","mainEntityOfPage":{"@id":"https:\/\/www.hotelpraktikessens.com\/en\/reservation-policy\/"},"wordCount":262,"publisher":{"@id":"\/#organization"},"inLanguage":"en-US"},{"@type":"WebPage","@id":"https:\/\/www.hotelpraktikessens.com\/en\/reservation-policy\/","url":"https:\/\/www.hotelpraktikessens.com\/en\/reservation-policy\/","name":"Reservation policy - Hotel Praktik \u00c8ssens","isPartOf":{"@id":"\/#website"},"datePublished":"2026-04-07T07:30:16+00:00","dateModified":"2026-04-07T07:35:46+00:00","description":"Praktik \u00c8ssens pone a tu disposici\u00f3n sus Condiciones de reserva.","breadcrumb":{"@id":"https:\/\/www.hotelpraktikessens.com\/en\/reservation-policy\/#breadcrumb"},"inLanguage":"en-US","potentialAction":[{"@type":"ReadAction","target":["https:\/\/www.hotelpraktikessens.com\/en\/reservation-policy\/"]}]},{"@type":"BreadcrumbList","@id":"https:\/\/www.hotelpraktikessens.com\/en\/reservation-policy\/#breadcrumb","itemListElement":[{"@type":"ListItem","position":1,"name":"Portada","item":"https:\/\/www.hotelpraktikessens.com\/en\/"},{"@type":"ListItem","position":2,"name":"Reservation policy"}]},{"@type":"WebSite","@id":"\/#website","url":"\/","name":"Hotel Praktik \u00c8ssens","description":"Hotel dedicado al mundo del perfume","publisher":{"@id":"\/#organization"},"potentialAction":[{"@type":"SearchAction","target":{"@type":"EntryPoint","urlTemplate":"\/?s={search_term_string}"},"query-input":"required name=search_term_string"}],"inLanguage":"en-US"},{"@type":"Organization","@id":"\/#organization","name":"Hotel Praktik \u00c8ssens","url":"\/","logo":{"@type":"ImageObject","inLanguage":"en-US","@id":"\/#\/schema\/logo\/image\/","url":"https:\/\/www.hotelpraktikessens.com\/wp-content\/uploads\/sites\/22\/2022\/11\/praktik-vinoteca-habitacion01.jpg","contentUrl":"https:\/\/www.hotelpraktikessens.com\/wp-content\/uploads\/sites\/22\/2022\/11\/praktik-vinoteca-habitacion01.jpg","width":960,"height":635,"caption":"Hotel Praktik \u00c8ssens"},"image":{"@id":"\/#\/schema\/logo\/image\/"},"sameAs":["https:\/\/www.facebook.com\/praktikhotels\/","https:\/\/x.com\/praktikhotels","https:\/\/www.instagram.com\/praktikhotels\/"]},{"@type":"Person","@id":"\/#\/schema\/person\/fae150a1ba960a8630c86ad1535f2ffb","name":"sergiomartin","image":{"@type":"ImageObject","inLanguage":"en-US","@id":"\/#\/schema\/person\/image\/","url":"https:\/\/secure.gravatar.com\/avatar\/f4a117b97aefd7558dee3482b49bc347?s=96&d=mm&r=g","contentUrl":"https:\/\/secure.gravatar.com\/avatar\/f4a117b97aefd7558dee3482b49bc347?s=96&d=mm&r=g","caption":"sergiomartin"}}]}},"_links":{"self":[{"href":"https:\/\/www.hotelpraktikessens.com\/en\/wp-json\/wp\/v2\/pages\/13976"}],"collection":[{"href":"https:\/\/www.hotelpraktikessens.com\/en\/wp-json\/wp\/v2\/pages"}],"about":[{"href":"https:\/\/www.hotelpraktikessens.com\/en\/wp-json\/wp\/v2\/types\/page"}],"author":[{"embeddable":true,"href":"https:\/\/www.hotelpraktikessens.com\/en\/wp-json\/wp\/v2\/users\/29"}],"replies":[{"embeddable":true,"href":"https:\/\/www.hotelpraktikessens.com\/en\/wp-json\/wp\/v2\/comments?post=13976"}],"version-history":[{"count":3,"href":"https:\/\/www.hotelpraktikessens.com\/en\/wp-json\/wp\/v2\/pages\/13976\/revisions"}],"predecessor-version":[{"id":13985,"href":"https:\/\/www.hotelpraktikessens.com\/en\/wp-json\/wp\/v2\/pages\/13976\/revisions\/13985"}],"wp:attachment":[{"href":"https:\/\/www.hotelpraktikessens.com\/en\/wp-json\/wp\/v2\/media?parent=13976"}],"curies":[{"name":"wp","href":"https:\/\/api.w.org\/{rel}","templated":true}]}}