{"id":87,"date":"2022-11-07T09:19:07","date_gmt":"2022-11-07T09:19:07","guid":{"rendered":"https:\/\/www.hotelpraktikessens.com\/?page_id=87"},"modified":"2024-02-21T09:43:10","modified_gmt":"2024-02-21T09:43:10","slug":"servicios-hotel","status":"publish","type":"page","link":"https:\/\/www.hotelpraktikessens.com\/es\/hotel-en-barcelona\/servicios-hotel\/","title":{"rendered":"Servicios"},"content":{"rendered":"<h1 style=\"text-align: center\">Nuestros servicios<\/h1>\n<p style=\"text-align: center\">El Praktik \u00c8ssens se levanta en un precioso edificio hist\u00f3rico del siglo XIX que hemos convertido en una pir\u00e1mide olfativa real. De este modo podr\u00e9is disfrutar de una ruta sensitiva por el hotel que os ayudar\u00e1 a estimular el sentido m\u00e1s primigenio del ser humano: el olfato.<\/p>\n<p style=\"text-align: center\">&nbsp;Perfumes y fragancias propias, seleccionadas con cuidado para que siempre record\u00e9is Barcelona. A tu llegada, podr\u00e1s elegir entre 3 tipos de desayuno, servido de lunes a viernes de 8:00h a 12:00h y fines de semana de 9:00h a 12:00, en el restaurante Oassis.<\/p>\n<p><span><img decoding=\"async\" alt=\"wifi icono\" data-id=\"3668\" width=\"48\" data-init-width=\"48\" height=\"36\" data-init-height=\"36\" title=\"wifi-icono\" src=\"https:\/\/www.hotelpraktikessens.com\/wp-content\/uploads\/sites\/22\/2022\/11\/wifi-icono.png\" data-width=\"48\" data-height=\"36\" style=\"aspect-ratio: auto 48 \/ 36\" loading=\"lazy\"><\/span><\/p>\n<p style=\"text-align: center;color: var(--tcb-color-2)  !important\">Wi-Fi gratuito<\/p>\n<p><span><img decoding=\"async\" alt=\"icono conserjeria\" data-id=\"3660\" width=\"48\" data-init-width=\"54\" height=\"39\" data-init-height=\"44\" title=\"conserjeria-icono\" src=\"https:\/\/www.hotelpraktikessens.com\/wp-content\/uploads\/sites\/22\/2022\/11\/conserjeria-icono.png\" data-width=\"48\" data-height=\"39\" loading=\"lazy\" style=\"aspect-ratio: auto 54 \/ 44\"><\/span><\/p>\n<p style=\"text-align: center;color: var(--tcb-color-2)  !important\">Servicio de conserjer\u00eda 24 horas<\/p>\n<p><span><img decoding=\"async\" alt=\"icono m\u00e1quina de caf\u00e9\" data-id=\"3659\" width=\"40\" data-init-width=\"40\" height=\"45\" data-init-height=\"45\" title=\"cafe-icono\" src=\"https:\/\/www.hotelpraktikessens.com\/wp-content\/uploads\/sites\/22\/2022\/11\/cafe-icono.png\" data-width=\"40\" data-height=\"45\" style=\"aspect-ratio: auto 40 \/ 45\" loading=\"lazy\"><\/span><\/p>\n<p style=\"text-align: center;color: var(--tcb-color-2)  !important\">M\u00e1quina de caf\u00e9<\/p>\n<p><span><img decoding=\"async\" alt=\"restaurante icono\" data-id=\"3664\" width=\"55\" data-init-width=\"55\" height=\"49\" data-init-height=\"49\" title=\"restaurante-icono\" src=\"https:\/\/www.hotelpraktikessens.com\/wp-content\/uploads\/sites\/22\/2022\/11\/restaurante-icono.png\" data-width=\"55\" data-height=\"49\" style=\"aspect-ratio: auto 55 \/ 49\" loading=\"lazy\"><\/span><\/p>\n<p style=\"text-align: center;color: var(--tcb-color-2)  !important\">Reserva de restaurantes<\/p>\n<p><span><img decoding=\"async\" alt=\"desayuno\" data-id=\"8944\" width=\"70\" data-init-width=\"150\" height=\"64\" data-init-height=\"137\" title=\"desayuno\" src=\"https:\/\/www.hotelpraktikessens.com\/wp-content\/uploads\/sites\/22\/2022\/11\/desayuno.png\" data-width=\"70\" data-height=\"64\" style=\"aspect-ratio: auto 150 \/ 137\" loading=\"lazy\"><\/span><\/p>\n<p style=\"text-align: center;color: var(--tcb-color-2)  !important\">Happy hour<\/p>\n<p><span><img decoding=\"async\" alt=\"icono lavander\u00eda\" data-id=\"3662\" width=\"39\" data-init-width=\"39\" height=\"46\" data-init-height=\"46\" title=\"lavanderia-icono\" src=\"https:\/\/www.hotelpraktikessens.com\/wp-content\/uploads\/sites\/22\/2022\/11\/lavanderia-icono.png\" data-width=\"39\" data-height=\"46\" style=\"aspect-ratio: auto 39 \/ 46\" loading=\"lazy\"><\/span><\/p>\n<p style=\"text-align: center;color: var(--tcb-color-2)  !important\">Servicio de lavander\u00eda<\/p>\n<p><span><img decoding=\"async\" alt=\"toallas icono\" data-id=\"3667\" width=\"32\" data-init-width=\"32\" height=\"46\" data-init-height=\"46\" title=\"toallas-icono\" src=\"https:\/\/www.hotelpraktikessens.com\/wp-content\/uploads\/sites\/22\/2022\/11\/toallas-icono.png\" data-width=\"32\" data-height=\"46\" style=\"aspect-ratio: auto 32 \/ 46\" loading=\"lazy\"><\/span><\/p>\n<p style=\"text-align: center;color: var(--tcb-color-2)  !important\">Toallas de playa<\/p>\n<p><span><img decoding=\"async\" alt=\"Amenities anti alerg\u00e9nicos\" data-id=\"4508\" width=\"32\" data-init-width=\"50\" height=\"44\" data-init-height=\"69\" title=\"amenities-icon\" src=\"https:\/\/www.hotelpraktikessens.com\/wp-content\/uploads\/sites\/22\/2022\/11\/amenities-icon.png\" data-width=\"32\" data-height=\"44\" style=\"aspect-ratio: auto 50 \/ 69\" loading=\"lazy\"><\/span><\/p>\n<p>Amenities anti alerg\u00e9nicos<\/p>\n<p><span><img decoding=\"async\" alt=\"desayunos sin gluten\" data-id=\"8950\" width=\"50\" data-init-width=\"150\" height=\"50\" data-init-height=\"150\" title=\"nogluten\" src=\"https:\/\/www.hotelpraktikessens.com\/wp-content\/uploads\/sites\/22\/2022\/11\/nogluten.png\" data-width=\"50\" data-height=\"50\" style=\"aspect-ratio: auto 150 \/ 150\" loading=\"lazy\"><\/span><\/p>\n<p style=\"text-align: center;color: var(--tcb-color-2)  !important\">Desayuno sin gluten bajo demanda<\/p>\n<p><span><img decoding=\"async\" alt=\"selecci\u00f3n de almohadas\" data-id=\"8956\" width=\"52\" data-init-width=\"150\" height=\"50\" data-init-height=\"143\" title=\"almohadas\" src=\"https:\/\/www.hotelpraktikessens.com\/wp-content\/uploads\/sites\/22\/2022\/11\/almohadas.png\" data-width=\"52\" data-height=\"50\" style=\"aspect-ratio: auto 150 \/ 143\" loading=\"lazy\"><\/span><\/p>\n<p style=\"text-align: center;color: var(--tcb-color-2)  !important\">Carta de almohadas<\/p>\n<p><span><img decoding=\"async\" alt=\"taxi aeropuerto icono\" data-id=\"3665\" width=\"64\" data-init-width=\"64\" height=\"46\" data-init-height=\"46\" title=\"taxisaeropuerto-icono\" src=\"https:\/\/www.hotelpraktikessens.com\/wp-content\/uploads\/sites\/22\/2022\/11\/taxisaeropuerto-icono.png\" data-width=\"64\" data-height=\"46\" style=\"aspect-ratio: auto 64 \/ 46\" loading=\"lazy\"><\/span><\/p>\n<p style=\"text-align: center;color: var(--tcb-color-2)  !important\">Transfer al aeropuerto<\/p>\n<p><span><img decoding=\"async\" alt=\"icono b\u00e1scula para equipaje\" data-id=\"3657\" width=\"74\" data-init-width=\"45\" height=\"74\" data-init-height=\"45\" title=\"bascula-icono\" src=\"https:\/\/www.hotelpraktikessens.com\/wp-content\/uploads\/sites\/22\/2022\/11\/bascula-icono.png\" data-width=\"74\" data-height=\"74\" loading=\"lazy\" style=\"aspect-ratio: auto 45 \/ 45\"><\/span><\/p>\n<p style=\"text-align: center;color: var(--tcb-color-2)  !important\">B\u00e1scula para equipajes<\/p>\n<p><span><img decoding=\"async\" alt=\"icono parking\" data-id=\"3663\" width=\"48\" data-init-width=\"48\" height=\"48\" data-init-height=\"48\" title=\"parking-icono\" src=\"https:\/\/www.hotelpraktikessens.com\/wp-content\/uploads\/sites\/22\/2022\/11\/parking-icono.png\" data-width=\"48\" data-height=\"48\" style=\"aspect-ratio: auto 48 \/ 48\" loading=\"lazy\"><\/span><\/p>\n<p style=\"text-align: center;color: var(--tcb-color-2)  !important\">Parking p\u00fablico a 50 metros del hotel<\/p>\n<p><span><img decoding=\"async\" alt=\"accesibilidad\" data-id=\"4510\" width=\"51\" data-init-width=\"50\" height=\"51\" data-init-height=\"50\" title=\"accesibilidad-icon\" src=\"https:\/\/www.hotelpraktikessens.com\/wp-content\/uploads\/sites\/22\/2022\/11\/accesibilidad-icon.png\" data-width=\"51\" data-height=\"51\" style=\"aspect-ratio: auto 50 \/ 50\" loading=\"lazy\"><\/span><\/p>\n<p style=\"text-align: center;color: var(--tcb-color-2)  !important\">Accesibilidad para personas con movilidad reducida<\/p>\n<p><span><img decoding=\"async\" alt=\"\" data-id=\"13660\" width=\"62\" data-init-width=\"200\" height=\"62\" data-init-height=\"200\" title=\"mini nevera\" src=\"https:\/\/www.hotelpraktikessens.com\/wp-content\/uploads\/sites\/22\/mini-nevera-e1708508503165.png\" data-width=\"62\" data-height=\"62\" style=\"aspect-ratio: auto 200 \/ 200\" loading=\"lazy\"><\/span><\/p>\n<p style=\"text-align: center;color: var(--tcb-color-2)  !important\">Mini nevera<\/p>\n<p style=\"text-align: center\">We are Barcelona<\/p>\n<p style=\"text-align: center\">We are Barcelona<\/p>\n<p>We are Barcelona<\/p>\n","protected":false},"excerpt":{"rendered":"<p>Nuestros servicios El Praktik \u00c8ssens se levanta en un precioso edificio hist\u00f3rico del siglo XIX que hemos convertido en una pir\u00e1mide olfativa real. De este modo podr\u00e9is disfrutar de una ruta sensitiva por el hotel que os ayudar\u00e1 a estimular el sentido m\u00e1s primigenio del ser humano: el olfato. &nbsp;Perfumes y fragancias propias, seleccionadas con [&hellip;]<\/p>\n","protected":false},"author":1,"featured_media":11757,"parent":2,"menu_order":0,"comment_status":"closed","ping_status":"closed","template":"","meta":{"inline_featured_image":false,"footnotes":""},"class_list":["post-87","page","type-page","status-publish","has-post-thumbnail","hentry","post-wrapper","thrv_wrapper"],"yoast_head":"<!-- This site is optimized with the Yoast SEO plugin v23.2 - https:\/\/yoast.com\/wordpress\/plugins\/seo\/ -->\n<title>Servicios - Hotel Praktik \u00c8ssens<\/title>\n<meta name=\"description\" content=\"Encuentra en hotel Praktik \u00c8ssens todos los servicios que necesitas para disfrutar de una estancia por la ciudad tal y como deseas. \u00a1Reserva ahora!\" \/>\n<meta name=\"robots\" content=\"index, follow, max-snippet:-1, max-image-preview:large, max-video-preview:-1\" \/>\n<link rel=\"canonical\" href=\"https:\/\/www.hotelpraktikessens.com\/es\/hotel-en-barcelona\/servicios-hotel\/\" \/>\n<meta property=\"og:locale\" content=\"es_ES\" \/>\n<meta property=\"og:type\" content=\"article\" \/>\n<meta property=\"og:title\" content=\"Servicios - Hotel Praktik \u00c8ssens\" \/>\n<meta property=\"og:description\" content=\"Encuentra en hotel Praktik \u00c8ssens todos los servicios que necesitas para disfrutar de una estancia por la ciudad tal y como deseas. \u00a1Reserva ahora!\" \/>\n<meta property=\"og:url\" content=\"https:\/\/www.hotelpraktikessens.com\/es\/hotel-en-barcelona\/servicios-hotel\/\" \/>\n<meta property=\"og:site_name\" content=\"Hotel Praktik \u00c8ssens\" \/>\n<meta property=\"article:publisher\" content=\"https:\/\/www.facebook.com\/praktikhotels\/\" \/>\n<meta property=\"article:modified_time\" content=\"2024-02-21T09:43:10+00:00\" \/>\n<meta property=\"og:image\" content=\"https:\/\/www.hotelpraktikessens.com\/wp-content\/uploads\/sites\/22\/HOTEL-PRAKTIK-ESSENS-BARCELONA-HABITACION-PREMIUM-TERRAZA-4.jpg\" \/>\n\t<meta property=\"og:image:width\" content=\"540\" \/>\n\t<meta property=\"og:image:height\" content=\"540\" \/>\n\t<meta property=\"og:image:type\" content=\"image\/jpeg\" \/>\n<meta name=\"twitter:card\" content=\"summary_large_image\" \/>\n<meta name=\"twitter:title\" content=\"Servicios - Hotel Praktik \u00c8ssens\" \/>\n<meta name=\"twitter:description\" content=\"Encuentra en hotel Praktik \u00c8ssens todos los servicios que necesitas para disfrutar de una estancia por la ciudad tal y como deseas. \u00a1Reserva ahora!\" \/>\n<meta name=\"twitter:site\" content=\"@praktikhotels\" \/>\n<meta name=\"twitter:label1\" content=\"Tiempo de lectura\" \/>\n\t<meta name=\"twitter:data1\" content=\"4 minutos\" \/>\n<script type=\"application\/ld+json\" class=\"yoast-schema-graph\">{\"@context\":\"https:\/\/schema.org\",\"@graph\":[{\"@type\":\"Article\",\"@id\":\"https:\/\/www.hotelpraktikessens.com\/es\/hotel-en-barcelona\/servicios-hotel\/#article\",\"isPartOf\":{\"@id\":\"https:\/\/www.hotelpraktikessens.com\/es\/hotel-en-barcelona\/servicios-hotel\/\"},\"author\":{\"name\":\"praktkmaster\",\"@id\":\"\/#\/schema\/person\/4015c3b656759440a8291536b481326d\"},\"headline\":\"Servicios\",\"datePublished\":\"2022-11-07T09:19:07+00:00\",\"dateModified\":\"2024-02-21T09:43:10+00:00\",\"mainEntityOfPage\":{\"@id\":\"https:\/\/www.hotelpraktikessens.com\/es\/hotel-en-barcelona\/servicios-hotel\/\"},\"wordCount\":164,\"publisher\":{\"@id\":\"\/#organization\"},\"image\":{\"@id\":\"https:\/\/www.hotelpraktikessens.com\/es\/hotel-en-barcelona\/servicios-hotel\/#primaryimage\"},\"thumbnailUrl\":\"https:\/\/www.hotelpraktikessens.com\/wp-content\/uploads\/sites\/22\/HOTEL-PRAKTIK-ESSENS-BARCELONA-HABITACION-PREMIUM-TERRAZA-4.jpg\",\"inLanguage\":\"es\"},{\"@type\":\"WebPage\",\"@id\":\"https:\/\/www.hotelpraktikessens.com\/es\/hotel-en-barcelona\/servicios-hotel\/\",\"url\":\"https:\/\/www.hotelpraktikessens.com\/es\/hotel-en-barcelona\/servicios-hotel\/\",\"name\":\"Servicios - Hotel Praktik \u00c8ssens\",\"isPartOf\":{\"@id\":\"\/#website\"},\"primaryImageOfPage\":{\"@id\":\"https:\/\/www.hotelpraktikessens.com\/es\/hotel-en-barcelona\/servicios-hotel\/#primaryimage\"},\"image\":{\"@id\":\"https:\/\/www.hotelpraktikessens.com\/es\/hotel-en-barcelona\/servicios-hotel\/#primaryimage\"},\"thumbnailUrl\":\"https:\/\/www.hotelpraktikessens.com\/wp-content\/uploads\/sites\/22\/HOTEL-PRAKTIK-ESSENS-BARCELONA-HABITACION-PREMIUM-TERRAZA-4.jpg\",\"datePublished\":\"2022-11-07T09:19:07+00:00\",\"dateModified\":\"2024-02-21T09:43:10+00:00\",\"description\":\"Encuentra en hotel Praktik \u00c8ssens todos los servicios que necesitas para disfrutar de una estancia por la ciudad tal y como deseas. \u00a1Reserva ahora!\",\"breadcrumb\":{\"@id\":\"https:\/\/www.hotelpraktikessens.com\/es\/hotel-en-barcelona\/servicios-hotel\/#breadcrumb\"},\"inLanguage\":\"es\",\"potentialAction\":[{\"@type\":\"ReadAction\",\"target\":[\"https:\/\/www.hotelpraktikessens.com\/es\/hotel-en-barcelona\/servicios-hotel\/\"]}]},{\"@type\":\"ImageObject\",\"inLanguage\":\"es\",\"@id\":\"https:\/\/www.hotelpraktikessens.com\/es\/hotel-en-barcelona\/servicios-hotel\/#primaryimage\",\"url\":\"https:\/\/www.hotelpraktikessens.com\/wp-content\/uploads\/sites\/22\/HOTEL-PRAKTIK-ESSENS-BARCELONA-HABITACION-PREMIUM-TERRAZA-4.jpg\",\"contentUrl\":\"https:\/\/www.hotelpraktikessens.com\/wp-content\/uploads\/sites\/22\/HOTEL-PRAKTIK-ESSENS-BARCELONA-HABITACION-PREMIUM-TERRAZA-4.jpg\",\"width\":540,\"height\":540,\"caption\":\"HOTEL-PRAKTIK-ESSENS-BARCELONA-HABITACION-PREMIUM-TERRAZA\"},{\"@type\":\"BreadcrumbList\",\"@id\":\"https:\/\/www.hotelpraktikessens.com\/es\/hotel-en-barcelona\/servicios-hotel\/#breadcrumb\",\"itemListElement\":[{\"@type\":\"ListItem\",\"position\":1,\"name\":\"Portada\",\"item\":\"https:\/\/www.hotelpraktikessens.com\/es\/\"},{\"@type\":\"ListItem\",\"position\":2,\"name\":\"Hotel en Barcelona\",\"item\":\"https:\/\/www.hotelpraktikessens.com\/es\/\"},{\"@type\":\"ListItem\",\"position\":3,\"name\":\"Servicios\"}]},{\"@type\":\"WebSite\",\"@id\":\"\/#website\",\"url\":\"\/\",\"name\":\"Hotel Praktik \u00c8ssens\",\"description\":\"Hotel dedicado al mundo del perfume\",\"publisher\":{\"@id\":\"\/#organization\"},\"potentialAction\":[{\"@type\":\"SearchAction\",\"target\":{\"@type\":\"EntryPoint\",\"urlTemplate\":\"\/?s={search_term_string}\"},\"query-input\":\"required name=search_term_string\"}],\"inLanguage\":\"es\"},{\"@type\":\"Organization\",\"@id\":\"\/#organization\",\"name\":\"Hotel Praktik \u00c8ssens\",\"url\":\"\/\",\"logo\":{\"@type\":\"ImageObject\",\"inLanguage\":\"es\",\"@id\":\"\/#\/schema\/logo\/image\/\",\"url\":\"https:\/\/www.hotelpraktikessens.com\/wp-content\/uploads\/sites\/22\/2022\/11\/praktik-vinoteca-habitacion01.jpg\",\"contentUrl\":\"https:\/\/www.hotelpraktikessens.com\/wp-content\/uploads\/sites\/22\/2022\/11\/praktik-vinoteca-habitacion01.jpg\",\"width\":960,\"height\":635,\"caption\":\"Hotel Praktik \u00c8ssens\"},\"image\":{\"@id\":\"\/#\/schema\/logo\/image\/\"},\"sameAs\":[\"https:\/\/www.facebook.com\/praktikhotels\/\",\"https:\/\/x.com\/praktikhotels\",\"https:\/\/www.instagram.com\/praktikhotels\/\"]},{\"@type\":\"Person\",\"@id\":\"\/#\/schema\/person\/4015c3b656759440a8291536b481326d\",\"name\":\"praktkmaster\",\"image\":{\"@type\":\"ImageObject\",\"inLanguage\":\"es\",\"@id\":\"\/#\/schema\/person\/image\/\",\"url\":\"https:\/\/secure.gravatar.com\/avatar\/29d735a18eaffe4d58415575700d4e8f?s=96&d=mm&r=g\",\"contentUrl\":\"https:\/\/secure.gravatar.com\/avatar\/29d735a18eaffe4d58415575700d4e8f?s=96&d=mm&r=g\",\"caption\":\"praktkmaster\"},\"sameAs\":[\"http:\/\/praktikdev.rkinnova.com\"]}]}<\/script>\n<!-- \/ Yoast SEO plugin. -->","yoast_head_json":{"title":"Servicios - Hotel Praktik \u00c8ssens","description":"Encuentra en hotel Praktik \u00c8ssens todos los servicios que necesitas para disfrutar de una estancia por la ciudad tal y como deseas. \u00a1Reserva ahora!","robots":{"index":"index","follow":"follow","max-snippet":"max-snippet:-1","max-image-preview":"max-image-preview:large","max-video-preview":"max-video-preview:-1"},"canonical":"https:\/\/www.hotelpraktikessens.com\/es\/hotel-en-barcelona\/servicios-hotel\/","og_locale":"es_ES","og_type":"article","og_title":"Servicios - Hotel Praktik \u00c8ssens","og_description":"Encuentra en hotel Praktik \u00c8ssens todos los servicios que necesitas para disfrutar de una estancia por la ciudad tal y como deseas. \u00a1Reserva ahora!","og_url":"https:\/\/www.hotelpraktikessens.com\/es\/hotel-en-barcelona\/servicios-hotel\/","og_site_name":"Hotel Praktik \u00c8ssens","article_publisher":"https:\/\/www.facebook.com\/praktikhotels\/","article_modified_time":"2024-02-21T09:43:10+00:00","og_image":[{"width":540,"height":540,"url":"https:\/\/www.hotelpraktikessens.com\/wp-content\/uploads\/sites\/22\/HOTEL-PRAKTIK-ESSENS-BARCELONA-HABITACION-PREMIUM-TERRAZA-4.jpg","type":"image\/jpeg"}],"twitter_card":"summary_large_image","twitter_title":"Servicios - Hotel Praktik \u00c8ssens","twitter_description":"Encuentra en hotel Praktik \u00c8ssens todos los servicios que necesitas para disfrutar de una estancia por la ciudad tal y como deseas. \u00a1Reserva ahora!","twitter_site":"@praktikhotels","twitter_misc":{"Tiempo de lectura":"4 minutos"},"schema":{"@context":"https:\/\/schema.org","@graph":[{"@type":"Article","@id":"https:\/\/www.hotelpraktikessens.com\/es\/hotel-en-barcelona\/servicios-hotel\/#article","isPartOf":{"@id":"https:\/\/www.hotelpraktikessens.com\/es\/hotel-en-barcelona\/servicios-hotel\/"},"author":{"name":"praktkmaster","@id":"\/#\/schema\/person\/4015c3b656759440a8291536b481326d"},"headline":"Servicios","datePublished":"2022-11-07T09:19:07+00:00","dateModified":"2024-02-21T09:43:10+00:00","mainEntityOfPage":{"@id":"https:\/\/www.hotelpraktikessens.com\/es\/hotel-en-barcelona\/servicios-hotel\/"},"wordCount":164,"publisher":{"@id":"\/#organization"},"image":{"@id":"https:\/\/www.hotelpraktikessens.com\/es\/hotel-en-barcelona\/servicios-hotel\/#primaryimage"},"thumbnailUrl":"https:\/\/www.hotelpraktikessens.com\/wp-content\/uploads\/sites\/22\/HOTEL-PRAKTIK-ESSENS-BARCELONA-HABITACION-PREMIUM-TERRAZA-4.jpg","inLanguage":"es"},{"@type":"WebPage","@id":"https:\/\/www.hotelpraktikessens.com\/es\/hotel-en-barcelona\/servicios-hotel\/","url":"https:\/\/www.hotelpraktikessens.com\/es\/hotel-en-barcelona\/servicios-hotel\/","name":"Servicios - Hotel Praktik \u00c8ssens","isPartOf":{"@id":"\/#website"},"primaryImageOfPage":{"@id":"https:\/\/www.hotelpraktikessens.com\/es\/hotel-en-barcelona\/servicios-hotel\/#primaryimage"},"image":{"@id":"https:\/\/www.hotelpraktikessens.com\/es\/hotel-en-barcelona\/servicios-hotel\/#primaryimage"},"thumbnailUrl":"https:\/\/www.hotelpraktikessens.com\/wp-content\/uploads\/sites\/22\/HOTEL-PRAKTIK-ESSENS-BARCELONA-HABITACION-PREMIUM-TERRAZA-4.jpg","datePublished":"2022-11-07T09:19:07+00:00","dateModified":"2024-02-21T09:43:10+00:00","description":"Encuentra en hotel Praktik \u00c8ssens todos los servicios que necesitas para disfrutar de una estancia por la ciudad tal y como deseas. \u00a1Reserva ahora!","breadcrumb":{"@id":"https:\/\/www.hotelpraktikessens.com\/es\/hotel-en-barcelona\/servicios-hotel\/#breadcrumb"},"inLanguage":"es","potentialAction":[{"@type":"ReadAction","target":["https:\/\/www.hotelpraktikessens.com\/es\/hotel-en-barcelona\/servicios-hotel\/"]}]},{"@type":"ImageObject","inLanguage":"es","@id":"https:\/\/www.hotelpraktikessens.com\/es\/hotel-en-barcelona\/servicios-hotel\/#primaryimage","url":"https:\/\/www.hotelpraktikessens.com\/wp-content\/uploads\/sites\/22\/HOTEL-PRAKTIK-ESSENS-BARCELONA-HABITACION-PREMIUM-TERRAZA-4.jpg","contentUrl":"https:\/\/www.hotelpraktikessens.com\/wp-content\/uploads\/sites\/22\/HOTEL-PRAKTIK-ESSENS-BARCELONA-HABITACION-PREMIUM-TERRAZA-4.jpg","width":540,"height":540,"caption":"HOTEL-PRAKTIK-ESSENS-BARCELONA-HABITACION-PREMIUM-TERRAZA"},{"@type":"BreadcrumbList","@id":"https:\/\/www.hotelpraktikessens.com\/es\/hotel-en-barcelona\/servicios-hotel\/#breadcrumb","itemListElement":[{"@type":"ListItem","position":1,"name":"Portada","item":"https:\/\/www.hotelpraktikessens.com\/es\/"},{"@type":"ListItem","position":2,"name":"Hotel en Barcelona","item":"https:\/\/www.hotelpraktikessens.com\/es\/"},{"@type":"ListItem","position":3,"name":"Servicios"}]},{"@type":"WebSite","@id":"\/#website","url":"\/","name":"Hotel Praktik \u00c8ssens","description":"Hotel dedicado al mundo del perfume","publisher":{"@id":"\/#organization"},"potentialAction":[{"@type":"SearchAction","target":{"@type":"EntryPoint","urlTemplate":"\/?s={search_term_string}"},"query-input":"required name=search_term_string"}],"inLanguage":"es"},{"@type":"Organization","@id":"\/#organization","name":"Hotel Praktik \u00c8ssens","url":"\/","logo":{"@type":"ImageObject","inLanguage":"es","@id":"\/#\/schema\/logo\/image\/","url":"https:\/\/www.hotelpraktikessens.com\/wp-content\/uploads\/sites\/22\/2022\/11\/praktik-vinoteca-habitacion01.jpg","contentUrl":"https:\/\/www.hotelpraktikessens.com\/wp-content\/uploads\/sites\/22\/2022\/11\/praktik-vinoteca-habitacion01.jpg","width":960,"height":635,"caption":"Hotel Praktik \u00c8ssens"},"image":{"@id":"\/#\/schema\/logo\/image\/"},"sameAs":["https:\/\/www.facebook.com\/praktikhotels\/","https:\/\/x.com\/praktikhotels","https:\/\/www.instagram.com\/praktikhotels\/"]},{"@type":"Person","@id":"\/#\/schema\/person\/4015c3b656759440a8291536b481326d","name":"praktkmaster","image":{"@type":"ImageObject","inLanguage":"es","@id":"\/#\/schema\/person\/image\/","url":"https:\/\/secure.gravatar.com\/avatar\/29d735a18eaffe4d58415575700d4e8f?s=96&d=mm&r=g","contentUrl":"https:\/\/secure.gravatar.com\/avatar\/29d735a18eaffe4d58415575700d4e8f?s=96&d=mm&r=g","caption":"praktkmaster"},"sameAs":["http:\/\/praktikdev.rkinnova.com"]}]}},"_links":{"self":[{"href":"https:\/\/www.hotelpraktikessens.com\/es\/wp-json\/wp\/v2\/pages\/87"}],"collection":[{"href":"https:\/\/www.hotelpraktikessens.com\/es\/wp-json\/wp\/v2\/pages"}],"about":[{"href":"https:\/\/www.hotelpraktikessens.com\/es\/wp-json\/wp\/v2\/types\/page"}],"author":[{"embeddable":true,"href":"https:\/\/www.hotelpraktikessens.com\/es\/wp-json\/wp\/v2\/users\/1"}],"replies":[{"embeddable":true,"href":"https:\/\/www.hotelpraktikessens.com\/es\/wp-json\/wp\/v2\/comments?post=87"}],"version-history":[{"count":13,"href":"https:\/\/www.hotelpraktikessens.com\/es\/wp-json\/wp\/v2\/pages\/87\/revisions"}],"predecessor-version":[{"id":13666,"href":"https:\/\/www.hotelpraktikessens.com\/es\/wp-json\/wp\/v2\/pages\/87\/revisions\/13666"}],"up":[{"embeddable":true,"href":"https:\/\/www.hotelpraktikessens.com\/es\/wp-json\/wp\/v2\/pages\/2"}],"wp:featuredmedia":[{"embeddable":true,"href":"https:\/\/www.hotelpraktikessens.com\/es\/wp-json\/wp\/v2\/media\/11757"}],"wp:attachment":[{"href":"https:\/\/www.hotelpraktikessens.com\/es\/wp-json\/wp\/v2\/media?parent=87"}],"curies":[{"name":"wp","href":"https:\/\/api.w.org\/{rel}","templated":true}]}}