{"id":13977,"date":"2026-04-07T09:30:16","date_gmt":"2026-04-07T07:30:16","guid":{"rendered":"https:\/\/www.hotelpraktikessens.com\/condiciones-de-reserva\/"},"modified":"2026-04-07T09:37:43","modified_gmt":"2026-04-07T07:37:43","slug":"conditions-de-reservation","status":"publish","type":"page","link":"https:\/\/www.hotelpraktikessens.com\/fr\/conditions-de-reservation\/","title":{"rendered":"Conditions de r\u00e9servation"},"content":{"rendered":"<p><span style=\"font-weight: 400;\">Une fois la r\u00e9servation effectu\u00e9e, le client recevra un e-mail de confirmation qui servira de justificatif.<\/span><\/p>\n<p><span style=\"font-weight: 400;\">La r\u00e9servation sera confirm\u00e9e et garantie par carte de cr\u00e9dit. Au cours du processus de r\u00e9servation, les donn\u00e9es de la carte pourront \u00eatre v\u00e9rifi\u00e9es afin d&rsquo;autoriser les pr\u00e9l\u00e8vements pr\u00e9vus dans les pr\u00e9sentes conditions.<\/span><\/p>\n<p><span style=\"font-weight: 400;\">En cas de non-pr\u00e9sentation \u00e0 l&rsquo;h\u00f4tel sans pr\u00e9avis, le montant correspondant \u00e0 la premi\u00e8re nuit de s\u00e9jour, TVA comprise, sera d\u00e9bit\u00e9.<\/span><\/p>\n<p><span style=\"font-weight: 400;\">L&rsquo;annulation de la r\u00e9servation est gratuite si elle est effectu\u00e9e dans le d\u00e9lai pr\u00e9vu par la politique d&rsquo;annulation applicable au tarif s\u00e9lectionn\u00e9. Ces conditions peuvent varier en fonction des dates de s\u00e9jour et du type de r\u00e9servation souscrit.<\/span><\/p>\n<p><span style=\"font-weight: 400;\">Pass\u00e9 ce d\u00e9lai, Praktik Hotels pourra d\u00e9biter le montant correspondant \u00e0 la premi\u00e8re nuit de s\u00e9jour, TVA comprise, ou le montant total de la r\u00e9servation, selon les conditions sp\u00e9cifiques applicables dans chaque cas.<\/span><\/p>\n<p><span style=\"font-weight: 400;\">Dans le cas o\u00f9 le montant total du s\u00e9jour est factur\u00e9, un remboursement total ou partiel des sommes vers\u00e9es pourra \u00eatre envisag\u00e9, le cas \u00e9ch\u00e9ant, conform\u00e9ment \u00e0 la r\u00e9glementation applicable et aux services non utilis\u00e9s.<\/span><\/p>\n<p><span style=\"font-weight: 400;\">De m\u00eame, le s\u00e9jour sera soumis \u00e0 la taxe de s\u00e9jour et \u00e0 la taxe municipale en vigueur \u00e0 la date du s\u00e9jour. Ces montants ne sont pas inclus dans le prix de la r\u00e9servation, sauf mention contraire expresse, et devront \u00eatre r\u00e9gl\u00e9s sur place. Ils figureront de mani\u00e8re d\u00e9taill\u00e9e sur la facture ou le justificatif de paiement.<\/span><\/p>\n","protected":false},"excerpt":{"rendered":"<p>Une fois la r\u00e9servation effectu\u00e9e, le client recevra un e-mail de confirmation qui servira de justificatif. La r\u00e9servation sera confirm\u00e9e et garantie par carte de cr\u00e9dit. Au cours du processus de r\u00e9servation, les donn\u00e9es de la carte pourront \u00eatre v\u00e9rifi\u00e9es afin d&rsquo;autoriser les pr\u00e9l\u00e8vements pr\u00e9vus dans les pr\u00e9sentes conditions. En cas de non-pr\u00e9sentation \u00e0 l&rsquo;h\u00f4tel [&hellip;]<\/p>\n","protected":false},"author":29,"featured_media":0,"parent":0,"menu_order":0,"comment_status":"closed","ping_status":"closed","template":"","meta":{"inline_featured_image":false,"footnotes":""},"class_list":["post-13977","page","type-page","status-publish","hentry","post-wrapper","thrv_wrapper"],"yoast_head":"<!-- This site is optimized with the Yoast SEO plugin v23.2 - https:\/\/yoast.com\/wordpress\/plugins\/seo\/ -->\n<title>Conditions de r\u00e9servation - Hotel Praktik \u00c8ssens<\/title>\n<meta name=\"description\" content=\"Praktik \u00c8ssens pone a tu disposici\u00f3n sus Condiciones de reserva.\" \/>\n<meta name=\"robots\" content=\"index, follow, max-snippet:-1, max-image-preview:large, max-video-preview:-1\" \/>\n<link rel=\"canonical\" href=\"https:\/\/www.hotelpraktikessens.com\/fr\/conditions-de-reservation\/\" \/>\n<meta property=\"og:locale\" content=\"fr_FR\" \/>\n<meta property=\"og:type\" content=\"article\" \/>\n<meta property=\"og:title\" content=\"Aviso legal - Hotel Praktik \u00c8ssens\" \/>\n<meta property=\"og:description\" content=\"Praktik \u00c8ssens pone a tu disposici\u00f3n un aviso legal que te permitir\u00e1 consultar la normativa de esta web.\" \/>\n<meta property=\"og:url\" content=\"https:\/\/www.hotelpraktikessens.com\/fr\/conditions-de-reservation\/\" \/>\n<meta property=\"og:site_name\" content=\"Hotel Praktik \u00c8ssens\" \/>\n<meta property=\"article:publisher\" content=\"https:\/\/www.facebook.com\/praktikhotels\/\" \/>\n<meta property=\"article:modified_time\" content=\"2026-04-07T07:37:43+00:00\" \/>\n<meta name=\"twitter:card\" content=\"summary_large_image\" \/>\n<meta name=\"twitter:title\" content=\"Aviso legal - Hotel Praktik \u00c8ssens\" \/>\n<meta name=\"twitter:description\" content=\"Praktik \u00c8ssens pone a tu disposici\u00f3n un aviso legal que te permitir\u00e1 consultar la normativa de esta web.\" \/>\n<meta name=\"twitter:site\" content=\"@praktikhotels\" \/>\n<meta name=\"twitter:label1\" content=\"Dur\u00e9e de lecture estim\u00e9e\" \/>\n\t<meta name=\"twitter:data1\" content=\"2 minutes\" \/>\n<script type=\"application\/ld+json\" class=\"yoast-schema-graph\">{\"@context\":\"https:\/\/schema.org\",\"@graph\":[{\"@type\":\"Article\",\"@id\":\"https:\/\/www.hotelpraktikessens.com\/fr\/conditions-de-reservation\/#article\",\"isPartOf\":{\"@id\":\"https:\/\/www.hotelpraktikessens.com\/fr\/conditions-de-reservation\/\"},\"author\":{\"name\":\"sergiomartin\",\"@id\":\"\/#\/schema\/person\/fae150a1ba960a8630c86ad1535f2ffb\"},\"headline\":\"Conditions de r\u00e9servation\",\"datePublished\":\"2026-04-07T07:30:16+00:00\",\"dateModified\":\"2026-04-07T07:37:43+00:00\",\"mainEntityOfPage\":{\"@id\":\"https:\/\/www.hotelpraktikessens.com\/fr\/conditions-de-reservation\/\"},\"wordCount\":283,\"publisher\":{\"@id\":\"\/#organization\"},\"inLanguage\":\"fr-FR\"},{\"@type\":\"WebPage\",\"@id\":\"https:\/\/www.hotelpraktikessens.com\/fr\/conditions-de-reservation\/\",\"url\":\"https:\/\/www.hotelpraktikessens.com\/fr\/conditions-de-reservation\/\",\"name\":\"Conditions de r\u00e9servation - Hotel Praktik \u00c8ssens\",\"isPartOf\":{\"@id\":\"\/#website\"},\"datePublished\":\"2026-04-07T07:30:16+00:00\",\"dateModified\":\"2026-04-07T07:37:43+00:00\",\"description\":\"Praktik \u00c8ssens pone a tu disposici\u00f3n sus Condiciones de reserva.\",\"breadcrumb\":{\"@id\":\"https:\/\/www.hotelpraktikessens.com\/fr\/conditions-de-reservation\/#breadcrumb\"},\"inLanguage\":\"fr-FR\",\"potentialAction\":[{\"@type\":\"ReadAction\",\"target\":[\"https:\/\/www.hotelpraktikessens.com\/fr\/conditions-de-reservation\/\"]}]},{\"@type\":\"BreadcrumbList\",\"@id\":\"https:\/\/www.hotelpraktikessens.com\/fr\/conditions-de-reservation\/#breadcrumb\",\"itemListElement\":[{\"@type\":\"ListItem\",\"position\":1,\"name\":\"Portada\",\"item\":\"https:\/\/www.hotelpraktikessens.com\/fr\/\"},{\"@type\":\"ListItem\",\"position\":2,\"name\":\"Conditions de r\u00e9servation\"}]},{\"@type\":\"WebSite\",\"@id\":\"\/#website\",\"url\":\"\/\",\"name\":\"Hotel Praktik \u00c8ssens\",\"description\":\"Hotel dedicado al mundo del perfume\",\"publisher\":{\"@id\":\"\/#organization\"},\"potentialAction\":[{\"@type\":\"SearchAction\",\"target\":{\"@type\":\"EntryPoint\",\"urlTemplate\":\"\/?s={search_term_string}\"},\"query-input\":\"required name=search_term_string\"}],\"inLanguage\":\"fr-FR\"},{\"@type\":\"Organization\",\"@id\":\"\/#organization\",\"name\":\"Hotel Praktik \u00c8ssens\",\"url\":\"\/\",\"logo\":{\"@type\":\"ImageObject\",\"inLanguage\":\"fr-FR\",\"@id\":\"\/#\/schema\/logo\/image\/\",\"url\":\"https:\/\/www.hotelpraktikessens.com\/wp-content\/uploads\/sites\/22\/2022\/11\/praktik-vinoteca-habitacion01.jpg\",\"contentUrl\":\"https:\/\/www.hotelpraktikessens.com\/wp-content\/uploads\/sites\/22\/2022\/11\/praktik-vinoteca-habitacion01.jpg\",\"width\":960,\"height\":635,\"caption\":\"Hotel Praktik \u00c8ssens\"},\"image\":{\"@id\":\"\/#\/schema\/logo\/image\/\"},\"sameAs\":[\"https:\/\/www.facebook.com\/praktikhotels\/\",\"https:\/\/x.com\/praktikhotels\",\"https:\/\/www.instagram.com\/praktikhotels\/\"]},{\"@type\":\"Person\",\"@id\":\"\/#\/schema\/person\/fae150a1ba960a8630c86ad1535f2ffb\",\"name\":\"sergiomartin\",\"image\":{\"@type\":\"ImageObject\",\"inLanguage\":\"fr-FR\",\"@id\":\"\/#\/schema\/person\/image\/\",\"url\":\"https:\/\/secure.gravatar.com\/avatar\/f4a117b97aefd7558dee3482b49bc347?s=96&d=mm&r=g\",\"contentUrl\":\"https:\/\/secure.gravatar.com\/avatar\/f4a117b97aefd7558dee3482b49bc347?s=96&d=mm&r=g\",\"caption\":\"sergiomartin\"}}]}<\/script>\n<!-- \/ Yoast SEO plugin. -->","yoast_head_json":{"title":"Conditions de r\u00e9servation - Hotel Praktik \u00c8ssens","description":"Praktik \u00c8ssens pone a tu disposici\u00f3n sus Condiciones de reserva.","robots":{"index":"index","follow":"follow","max-snippet":"max-snippet:-1","max-image-preview":"max-image-preview:large","max-video-preview":"max-video-preview:-1"},"canonical":"https:\/\/www.hotelpraktikessens.com\/fr\/conditions-de-reservation\/","og_locale":"fr_FR","og_type":"article","og_title":"Aviso legal - Hotel Praktik \u00c8ssens","og_description":"Praktik \u00c8ssens pone a tu disposici\u00f3n un aviso legal que te permitir\u00e1 consultar la normativa de esta web.","og_url":"https:\/\/www.hotelpraktikessens.com\/fr\/conditions-de-reservation\/","og_site_name":"Hotel Praktik \u00c8ssens","article_publisher":"https:\/\/www.facebook.com\/praktikhotels\/","article_modified_time":"2026-04-07T07:37:43+00:00","twitter_card":"summary_large_image","twitter_title":"Aviso legal - Hotel Praktik \u00c8ssens","twitter_description":"Praktik \u00c8ssens pone a tu disposici\u00f3n un aviso legal que te permitir\u00e1 consultar la normativa de esta web.","twitter_site":"@praktikhotels","twitter_misc":{"Dur\u00e9e de lecture estim\u00e9e":"2 minutes"},"schema":{"@context":"https:\/\/schema.org","@graph":[{"@type":"Article","@id":"https:\/\/www.hotelpraktikessens.com\/fr\/conditions-de-reservation\/#article","isPartOf":{"@id":"https:\/\/www.hotelpraktikessens.com\/fr\/conditions-de-reservation\/"},"author":{"name":"sergiomartin","@id":"\/#\/schema\/person\/fae150a1ba960a8630c86ad1535f2ffb"},"headline":"Conditions de r\u00e9servation","datePublished":"2026-04-07T07:30:16+00:00","dateModified":"2026-04-07T07:37:43+00:00","mainEntityOfPage":{"@id":"https:\/\/www.hotelpraktikessens.com\/fr\/conditions-de-reservation\/"},"wordCount":283,"publisher":{"@id":"\/#organization"},"inLanguage":"fr-FR"},{"@type":"WebPage","@id":"https:\/\/www.hotelpraktikessens.com\/fr\/conditions-de-reservation\/","url":"https:\/\/www.hotelpraktikessens.com\/fr\/conditions-de-reservation\/","name":"Conditions de r\u00e9servation - Hotel Praktik \u00c8ssens","isPartOf":{"@id":"\/#website"},"datePublished":"2026-04-07T07:30:16+00:00","dateModified":"2026-04-07T07:37:43+00:00","description":"Praktik \u00c8ssens pone a tu disposici\u00f3n sus Condiciones de reserva.","breadcrumb":{"@id":"https:\/\/www.hotelpraktikessens.com\/fr\/conditions-de-reservation\/#breadcrumb"},"inLanguage":"fr-FR","potentialAction":[{"@type":"ReadAction","target":["https:\/\/www.hotelpraktikessens.com\/fr\/conditions-de-reservation\/"]}]},{"@type":"BreadcrumbList","@id":"https:\/\/www.hotelpraktikessens.com\/fr\/conditions-de-reservation\/#breadcrumb","itemListElement":[{"@type":"ListItem","position":1,"name":"Portada","item":"https:\/\/www.hotelpraktikessens.com\/fr\/"},{"@type":"ListItem","position":2,"name":"Conditions de r\u00e9servation"}]},{"@type":"WebSite","@id":"\/#website","url":"\/","name":"Hotel Praktik \u00c8ssens","description":"Hotel dedicado al mundo del perfume","publisher":{"@id":"\/#organization"},"potentialAction":[{"@type":"SearchAction","target":{"@type":"EntryPoint","urlTemplate":"\/?s={search_term_string}"},"query-input":"required name=search_term_string"}],"inLanguage":"fr-FR"},{"@type":"Organization","@id":"\/#organization","name":"Hotel Praktik \u00c8ssens","url":"\/","logo":{"@type":"ImageObject","inLanguage":"fr-FR","@id":"\/#\/schema\/logo\/image\/","url":"https:\/\/www.hotelpraktikessens.com\/wp-content\/uploads\/sites\/22\/2022\/11\/praktik-vinoteca-habitacion01.jpg","contentUrl":"https:\/\/www.hotelpraktikessens.com\/wp-content\/uploads\/sites\/22\/2022\/11\/praktik-vinoteca-habitacion01.jpg","width":960,"height":635,"caption":"Hotel Praktik \u00c8ssens"},"image":{"@id":"\/#\/schema\/logo\/image\/"},"sameAs":["https:\/\/www.facebook.com\/praktikhotels\/","https:\/\/x.com\/praktikhotels","https:\/\/www.instagram.com\/praktikhotels\/"]},{"@type":"Person","@id":"\/#\/schema\/person\/fae150a1ba960a8630c86ad1535f2ffb","name":"sergiomartin","image":{"@type":"ImageObject","inLanguage":"fr-FR","@id":"\/#\/schema\/person\/image\/","url":"https:\/\/secure.gravatar.com\/avatar\/f4a117b97aefd7558dee3482b49bc347?s=96&d=mm&r=g","contentUrl":"https:\/\/secure.gravatar.com\/avatar\/f4a117b97aefd7558dee3482b49bc347?s=96&d=mm&r=g","caption":"sergiomartin"}}]}},"_links":{"self":[{"href":"https:\/\/www.hotelpraktikessens.com\/fr\/wp-json\/wp\/v2\/pages\/13977"}],"collection":[{"href":"https:\/\/www.hotelpraktikessens.com\/fr\/wp-json\/wp\/v2\/pages"}],"about":[{"href":"https:\/\/www.hotelpraktikessens.com\/fr\/wp-json\/wp\/v2\/types\/page"}],"author":[{"embeddable":true,"href":"https:\/\/www.hotelpraktikessens.com\/fr\/wp-json\/wp\/v2\/users\/29"}],"replies":[{"embeddable":true,"href":"https:\/\/www.hotelpraktikessens.com\/fr\/wp-json\/wp\/v2\/comments?post=13977"}],"version-history":[{"count":3,"href":"https:\/\/www.hotelpraktikessens.com\/fr\/wp-json\/wp\/v2\/pages\/13977\/revisions"}],"predecessor-version":[{"id":13988,"href":"https:\/\/www.hotelpraktikessens.com\/fr\/wp-json\/wp\/v2\/pages\/13977\/revisions\/13988"}],"wp:attachment":[{"href":"https:\/\/www.hotelpraktikessens.com\/fr\/wp-json\/wp\/v2\/media?parent=13977"}],"curies":[{"name":"wp","href":"https:\/\/api.w.org\/{rel}","templated":true}]}}