{"id":7687,"date":"2022-11-07T09:19:07","date_gmt":"2022-11-07T09:19:07","guid":{"rendered":"https:\/\/www.hotelpraktikessens.com\/?page_id=7687"},"modified":"2024-02-21T09:47:12","modified_gmt":"2024-02-21T09:47:12","slug":"service","status":"publish","type":"page","link":"https:\/\/www.hotelpraktikessens.com\/fr\/hotel-a-barcelone\/service\/","title":{"rendered":"Service"},"content":{"rendered":"<h1 style=\"text-align: center\">Nos services<\/h1>\n<p style=\"text-align: center\"><span data-sheets-userformat=\"{&quot;2&quot;:6785,&quot;3&quot;:{&quot;1&quot;:0},&quot;10&quot;:2,&quot;12&quot;:0,&quot;14&quot;:{&quot;1&quot;:2,&quot;2&quot;:0},&quot;15&quot;:&quot;Arial, sans-serif&quot;}\" data-sheets-value=\"{&quot;1&quot;:2,&quot;2&quot;:&quot;Le Praktik \u00c8ssens se dresse sur un beau b\u00e2timent historique du XIXe si\u00e8cle que nous avons transform\u00e9 en pyramide olfactive r\u00e9elle. De cette fa\u00e7on, vous pourrez suivre un parcours sensitif \u00e0 travers l'h\u00f4tel qui vous aidera \u00e0 stimuler le sens le plus primitif de l'\u00eatre humain : l'odorat. Des parfums et des fragrances propres, s\u00e9lectionn\u00e9s avec soin pour vous souvenir \u00e0 jamais de Barcelone.n n \u00c0 votre arriv\u00e9e, vous aurez le choix entre 3 types de petit-d\u00e9jeuner pour le m\u00eame prix. Service de 8 h 00 \u00e0 12 h 00 du lundi au vendredi et de 9 h 00 \u00e0 12 h 00 le week-end, au restaurant Oasis.&quot;}\">Le Praktik \u00c8ssens se dresse sur un beau b\u00e2timent historique du XIXe si\u00e8cle que nous avons transform\u00e9 en pyramide olfactive r\u00e9elle. De cette fa\u00e7on, vous pourrez suivre un parcours sensitif \u00e0 travers l&rsquo;h\u00f4tel qui vous aidera \u00e0 stimuler le sens le plus primitif de l&rsquo;\u00eatre humain : l&rsquo;odorat. Des parfums et des fragrances propres, s\u00e9lectionn\u00e9s avec soin pour vous souvenir \u00e0 jamais de Barcelone. &nbsp;\u00c0 votre arriv\u00e9e, vous aurez le choix entre 3 types de petit-d\u00e9jeuner. Service de 8 h 00 \u00e0 12 h 00 du lundi au vendredi et de 9 h 00 \u00e0 12 h 00 le week-end, au restaurant Oassis.<\/span><\/p>\n<p><span><img decoding=\"async\" alt=\"wifi icono\" data-id=\"3668\" width=\"48\" data-init-width=\"48\" height=\"36\" data-init-height=\"36\" title=\"wifi-icono\" src=\"https:\/\/www.hotelpraktikessens.com\/wp-content\/uploads\/sites\/22\/2022\/11\/wifi-icono.png\" data-width=\"48\" data-height=\"36\" style=\"aspect-ratio: auto 48 \/ 36\" loading=\"lazy\"><\/span><\/p>\n<p style=\"text-align: center;color: var(--tcb-color-2)  !important\">Wi-Fi gratuit<\/p>\n<p><span><img decoding=\"async\" alt=\"icono conserjeria\" data-id=\"3660\" width=\"48\" data-init-width=\"54\" height=\"39\" data-init-height=\"44\" title=\"conserjeria-icono\" src=\"https:\/\/www.hotelpraktikessens.com\/wp-content\/uploads\/sites\/22\/2022\/11\/conserjeria-icono.png\" data-width=\"48\" data-height=\"39\" loading=\"lazy\" style=\"aspect-ratio: auto 54 \/ 44\"><\/span><\/p>\n<p style=\"text-align: center;color: var(--tcb-color-2)  !important\">&nbsp;R\u00e9ception 24 h\/24<\/p>\n<p><span><img decoding=\"async\" alt=\"icono m\u00e1quina de caf\u00e9\" data-id=\"3659\" width=\"40\" data-init-width=\"40\" height=\"45\" data-init-height=\"45\" title=\"cafe-icono\" src=\"https:\/\/www.hotelpraktikessens.com\/wp-content\/uploads\/sites\/22\/2022\/11\/cafe-icono.png\" data-width=\"40\" data-height=\"45\" style=\"aspect-ratio: auto 40 \/ 45\" loading=\"lazy\"><\/span><\/p>\n<p style=\"text-align: center;color: var(--tcb-color-2)  !important\">&nbsp;Machine \u00e0 caf\u00e9<\/p>\n<p><span><img decoding=\"async\" alt=\"restaurante icono\" data-id=\"3664\" width=\"55\" data-init-width=\"55\" height=\"49\" data-init-height=\"49\" title=\"restaurante-icono\" src=\"https:\/\/www.hotelpraktikessens.com\/wp-content\/uploads\/sites\/22\/2022\/11\/restaurante-icono.png\" data-width=\"55\" data-height=\"49\" style=\"aspect-ratio: auto 55 \/ 49\" loading=\"lazy\"><\/span><\/p>\n<p style=\"text-align: center;color: var(--tcb-color-2)  !important\">&nbsp;R\u00e9servation de restaurants<\/p>\n<p><span><img decoding=\"async\" alt=\"desayuno\" data-id=\"8944\" width=\"70\" data-init-width=\"150\" height=\"64\" data-init-height=\"137\" title=\"desayuno\" src=\"https:\/\/www.hotelpraktikessens.com\/wp-content\/uploads\/sites\/22\/2022\/11\/desayuno.png\" data-width=\"70\" data-height=\"64\" style=\"aspect-ratio: auto 150 \/ 137\" loading=\"lazy\"><\/span><\/p>\n<p style=\"text-align: center;color: var(--tcb-color-2)  !important\">Happy hour<\/p>\n<p><span><img decoding=\"async\" alt=\"icono lavander\u00eda\" data-id=\"3662\" width=\"39\" data-init-width=\"39\" height=\"46\" data-init-height=\"46\" title=\"lavanderia-icono\" src=\"https:\/\/www.hotelpraktikessens.com\/wp-content\/uploads\/sites\/22\/2022\/11\/lavanderia-icono.png\" data-width=\"39\" data-height=\"46\" style=\"aspect-ratio: auto 39 \/ 46\" loading=\"lazy\"><\/span><\/p>\n<p style=\"text-align: center;color: var(--tcb-color-2)  !important\">&nbsp;Service de blanchisserie<\/p>\n<p><span><img decoding=\"async\" alt=\"toallas icono\" data-id=\"3667\" width=\"32\" data-init-width=\"32\" height=\"46\" data-init-height=\"46\" title=\"toallas-icono\" src=\"https:\/\/www.hotelpraktikessens.com\/wp-content\/uploads\/sites\/22\/2022\/11\/toallas-icono.png\" data-width=\"32\" data-height=\"46\" style=\"aspect-ratio: auto 32 \/ 46\" loading=\"lazy\"><\/span><\/p>\n<p style=\"text-align: center;color: var(--tcb-color-2)  !important\">&nbsp;Serviettes de plage<\/p>\n<p><span><img decoding=\"async\" alt=\"Amenities anti alerg\u00e9nicos\" data-id=\"4508\" width=\"32\" data-init-width=\"50\" height=\"44\" data-init-height=\"69\" title=\"amenities-icon\" src=\"https:\/\/www.hotelpraktikessens.com\/wp-content\/uploads\/sites\/22\/2022\/11\/amenities-icon.png\" data-width=\"32\" data-height=\"44\" style=\"aspect-ratio: auto 50 \/ 69\" loading=\"lazy\"><\/span><\/p>\n<p style=\"text-align: center;color: var(--tcb-color-2)  !important\">&nbsp;Produits d&rsquo;accueil hypoallerg\u00e9niques<\/p>\n<p><span><img decoding=\"async\" alt=\"desayunos sin gluten\" data-id=\"8950\" width=\"50\" data-init-width=\"150\" height=\"50\" data-init-height=\"150\" title=\"nogluten\" src=\"https:\/\/www.hotelpraktikessens.com\/wp-content\/uploads\/sites\/22\/2022\/11\/nogluten.png\" data-width=\"50\" data-height=\"50\" style=\"aspect-ratio: auto 150 \/ 150\" loading=\"lazy\"><\/span><\/p>\n<p style=\"text-align: center;color: var(--tcb-color-2)  !important\">Petit-d\u00e9jeuner sans gluten sur demande<\/p>\n<p><span><img decoding=\"async\" alt=\"selecci\u00f3n de almohadas\" data-id=\"8956\" width=\"52\" data-init-width=\"150\" height=\"50\" data-init-height=\"143\" title=\"almohadas\" src=\"https:\/\/www.hotelpraktikessens.com\/wp-content\/uploads\/sites\/22\/2022\/11\/almohadas.png\" data-width=\"52\" data-height=\"50\" style=\"aspect-ratio: auto 150 \/ 143\" loading=\"lazy\"><\/span><\/p>\n<p style=\"text-align: center;color: var(--tcb-color-2)  !important\">Menu d&rsquo;oreillers<\/p>\n<p><span><img decoding=\"async\" alt=\"taxi aeropuerto icono\" data-id=\"3665\" width=\"64\" data-init-width=\"64\" height=\"46\" data-init-height=\"46\" title=\"taxisaeropuerto-icono\" src=\"https:\/\/www.hotelpraktikessens.com\/wp-content\/uploads\/sites\/22\/2022\/11\/taxisaeropuerto-icono.png\" data-width=\"64\" data-height=\"46\" style=\"aspect-ratio: auto 64 \/ 46\" loading=\"lazy\"><\/span><\/p>\n<p style=\"text-align: center;color: var(--tcb-color-2)  !important\">&nbsp;Transfert \u00e0 l&rsquo;a\u00e9roport<\/p>\n<p><span><img decoding=\"async\" alt=\"icono b\u00e1scula para equipaje\" data-id=\"3657\" width=\"74\" data-init-width=\"45\" height=\"74\" data-init-height=\"45\" title=\"bascula-icono\" src=\"https:\/\/www.hotelpraktikessens.com\/wp-content\/uploads\/sites\/22\/2022\/11\/bascula-icono.png\" data-width=\"74\" data-height=\"74\" loading=\"lazy\" style=\"aspect-ratio: auto 45 \/ 45\"><\/span><\/p>\n<p style=\"text-align: center;color: var(--tcb-color-2)  !important\">&nbsp;P\u00e8se-bagages<\/p>\n<p><span><img decoding=\"async\" alt=\"icono parking\" data-id=\"3663\" width=\"48\" data-init-width=\"48\" height=\"48\" data-init-height=\"48\" title=\"parking-icono\" src=\"https:\/\/www.hotelpraktikessens.com\/wp-content\/uploads\/sites\/22\/2022\/11\/parking-icono.png\" data-width=\"48\" data-height=\"48\" style=\"aspect-ratio: auto 48 \/ 48\" loading=\"lazy\"><\/span><\/p>\n<p style=\"text-align: center;color: var(--tcb-color-2)  !important\">&nbsp;Parking public \u00e0 50 m de l&rsquo;h\u00f4tel<\/p>\n<p><span><img decoding=\"async\" alt=\"accesibilidad\" data-id=\"4510\" width=\"51\" data-init-width=\"50\" height=\"51\" data-init-height=\"50\" title=\"accesibilidad-icon\" src=\"https:\/\/www.hotelpraktikessens.com\/wp-content\/uploads\/sites\/22\/2022\/11\/accesibilidad-icon.png\" data-width=\"51\" data-height=\"51\" style=\"aspect-ratio: auto 50 \/ 50\" loading=\"lazy\"><\/span><\/p>\n<p style=\"text-align: center;color: var(--tcb-color-2)  !important\">&nbsp;Accessibilit\u00e9 pour les personnes \u00e0 mobilit\u00e9 r\u00e9duite<\/p>\n<p><span><img decoding=\"async\" alt=\"\" data-id=\"13663\" width=\"60\" data-init-width=\"2000\" height=\"60\" data-init-height=\"2000\" title=\"mini nevera\" src=\"https:\/\/www.hotelpraktikessens.com\/wp-content\/uploads\/sites\/22\/mini-nevera-e1708508503165.png\" data-width=\"60\" data-height=\"60\" style=\"aspect-ratio: auto 2000 \/ 2000\" loading=\"lazy\"><\/span><\/p>\n<p style=\"text-align: center;color: var(--tcb-color-2)  !important\">Mini-r\u00e9frig\u00e9rateur<\/p>\n<p style=\"text-align: center\">We are Barcelona<\/p>\n<p style=\"text-align: center\">We are Barcelona<\/p>\n<p>We are Barcelona<\/p>\n","protected":false},"excerpt":{"rendered":"<p>Nos services Le Praktik \u00c8ssens se dresse sur un beau b\u00e2timent historique du XIXe si\u00e8cle que nous avons transform\u00e9 en pyramide olfactive r\u00e9elle. De cette fa\u00e7on, vous pourrez suivre un parcours sensitif \u00e0 travers l&rsquo;h\u00f4tel qui vous aidera \u00e0 stimuler le sens le plus primitif de l&rsquo;\u00eatre humain : l&rsquo;odorat. Des parfums et des fragrances [&hellip;]<\/p>\n","protected":false},"author":1,"featured_media":11866,"parent":7574,"menu_order":0,"comment_status":"closed","ping_status":"closed","template":"","meta":{"inline_featured_image":false,"footnotes":""},"class_list":["post-7687","page","type-page","status-publish","has-post-thumbnail","hentry","post-wrapper","thrv_wrapper"],"yoast_head":"<!-- This site is optimized with the Yoast SEO plugin v23.2 - https:\/\/yoast.com\/wordpress\/plugins\/seo\/ -->\n<title>D\u00e9couvrez les services de l&#039;H\u00f4tel Praktik \u00c8ssens<\/title>\n<meta name=\"description\" content=\"Notre H\u00f4tel Praktik \u00c8ssens met les meilleurs services \u00e0 votre disposition. Profitez du monde des parfums et de tout le confort.\" \/>\n<meta name=\"robots\" content=\"index, follow, max-snippet:-1, max-image-preview:large, max-video-preview:-1\" \/>\n<link rel=\"canonical\" href=\"https:\/\/www.hotelpraktikessens.com\/fr\/hotel-a-barcelone\/service\/\" \/>\n<meta property=\"og:locale\" content=\"fr_FR\" \/>\n<meta property=\"og:type\" content=\"article\" \/>\n<meta property=\"og:title\" content=\"D\u00e9couvrez les services de l&#039;H\u00f4tel Praktik \u00c8ssens\" \/>\n<meta property=\"og:description\" content=\"Notre H\u00f4tel Praktik \u00c8ssens met les meilleurs services \u00e0 votre disposition. Profitez du monde des parfums et de tout le confort.\" \/>\n<meta property=\"og:url\" content=\"https:\/\/www.hotelpraktikessens.com\/fr\/hotel-a-barcelone\/service\/\" \/>\n<meta property=\"og:site_name\" content=\"Hotel Praktik \u00c8ssens\" \/>\n<meta property=\"article:publisher\" content=\"https:\/\/www.facebook.com\/praktikhotels\/\" \/>\n<meta property=\"article:modified_time\" content=\"2024-02-21T09:47:12+00:00\" \/>\n<meta property=\"og:image\" content=\"https:\/\/www.hotelpraktikessens.com\/wp-content\/uploads\/sites\/22\/HOTEL-PRAKTIK-ESSENS-BARCELONA-HOME.jpg\" \/>\n\t<meta property=\"og:image:width\" content=\"2126\" \/>\n\t<meta property=\"og:image:height\" content=\"1417\" \/>\n\t<meta property=\"og:image:type\" content=\"image\/jpeg\" \/>\n<meta name=\"twitter:card\" content=\"summary_large_image\" \/>\n<meta name=\"twitter:title\" content=\"D\u00e9couvrez les services de l&#039;H\u00f4tel Praktik \u00c8ssens\" \/>\n<meta name=\"twitter:description\" content=\"Notre H\u00f4tel Praktik \u00c8ssens met les meilleurs services \u00e0 votre disposition. Profitez du monde des parfums et de tout le confort.\" \/>\n<meta name=\"twitter:site\" content=\"@praktikhotels\" \/>\n<meta name=\"twitter:label1\" content=\"Dur\u00e9e de lecture estim\u00e9e\" \/>\n\t<meta name=\"twitter:data1\" content=\"4 minutes\" \/>\n<script type=\"application\/ld+json\" class=\"yoast-schema-graph\">{\"@context\":\"https:\/\/schema.org\",\"@graph\":[{\"@type\":\"Article\",\"@id\":\"https:\/\/www.hotelpraktikessens.com\/fr\/hotel-a-barcelone\/service\/#article\",\"isPartOf\":{\"@id\":\"https:\/\/www.hotelpraktikessens.com\/fr\/hotel-a-barcelone\/service\/\"},\"author\":{\"name\":\"praktkmaster\",\"@id\":\"\/#\/schema\/person\/4015c3b656759440a8291536b481326d\"},\"headline\":\"Service\",\"datePublished\":\"2022-11-07T09:19:07+00:00\",\"dateModified\":\"2024-02-21T09:47:12+00:00\",\"mainEntityOfPage\":{\"@id\":\"https:\/\/www.hotelpraktikessens.com\/fr\/hotel-a-barcelone\/service\/\"},\"wordCount\":178,\"publisher\":{\"@id\":\"\/#organization\"},\"image\":{\"@id\":\"https:\/\/www.hotelpraktikessens.com\/fr\/hotel-a-barcelone\/service\/#primaryimage\"},\"thumbnailUrl\":\"https:\/\/www.hotelpraktikessens.com\/wp-content\/uploads\/sites\/22\/HOTEL-PRAKTIK-ESSENS-BARCELONA-HOME.jpg\",\"inLanguage\":\"fr-FR\"},{\"@type\":\"WebPage\",\"@id\":\"https:\/\/www.hotelpraktikessens.com\/fr\/hotel-a-barcelone\/service\/\",\"url\":\"https:\/\/www.hotelpraktikessens.com\/fr\/hotel-a-barcelone\/service\/\",\"name\":\"D\u00e9couvrez les services de l'H\u00f4tel Praktik \u00c8ssens\",\"isPartOf\":{\"@id\":\"\/#website\"},\"primaryImageOfPage\":{\"@id\":\"https:\/\/www.hotelpraktikessens.com\/fr\/hotel-a-barcelone\/service\/#primaryimage\"},\"image\":{\"@id\":\"https:\/\/www.hotelpraktikessens.com\/fr\/hotel-a-barcelone\/service\/#primaryimage\"},\"thumbnailUrl\":\"https:\/\/www.hotelpraktikessens.com\/wp-content\/uploads\/sites\/22\/HOTEL-PRAKTIK-ESSENS-BARCELONA-HOME.jpg\",\"datePublished\":\"2022-11-07T09:19:07+00:00\",\"dateModified\":\"2024-02-21T09:47:12+00:00\",\"description\":\"Notre H\u00f4tel Praktik \u00c8ssens met les meilleurs services \u00e0 votre disposition. Profitez du monde des parfums et de tout le confort.\",\"breadcrumb\":{\"@id\":\"https:\/\/www.hotelpraktikessens.com\/fr\/hotel-a-barcelone\/service\/#breadcrumb\"},\"inLanguage\":\"fr-FR\",\"potentialAction\":[{\"@type\":\"ReadAction\",\"target\":[\"https:\/\/www.hotelpraktikessens.com\/fr\/hotel-a-barcelone\/service\/\"]}]},{\"@type\":\"ImageObject\",\"inLanguage\":\"fr-FR\",\"@id\":\"https:\/\/www.hotelpraktikessens.com\/fr\/hotel-a-barcelone\/service\/#primaryimage\",\"url\":\"https:\/\/www.hotelpraktikessens.com\/wp-content\/uploads\/sites\/22\/HOTEL-PRAKTIK-ESSENS-BARCELONA-HOME.jpg\",\"contentUrl\":\"https:\/\/www.hotelpraktikessens.com\/wp-content\/uploads\/sites\/22\/HOTEL-PRAKTIK-ESSENS-BARCELONA-HOME.jpg\",\"width\":2126,\"height\":1417,\"caption\":\"HOTEL-PRAKTIK-ESSENS-BARCELONA-HOME\"},{\"@type\":\"BreadcrumbList\",\"@id\":\"https:\/\/www.hotelpraktikessens.com\/fr\/hotel-a-barcelone\/service\/#breadcrumb\",\"itemListElement\":[{\"@type\":\"ListItem\",\"position\":1,\"name\":\"Portada\",\"item\":\"https:\/\/www.hotelpraktikessens.com\/fr\/\"},{\"@type\":\"ListItem\",\"position\":2,\"name\":\"Hotel a Barcelone\",\"item\":\"https:\/\/www.hotelpraktikessens.com\/fr\/\"},{\"@type\":\"ListItem\",\"position\":3,\"name\":\"Service\"}]},{\"@type\":\"WebSite\",\"@id\":\"\/#website\",\"url\":\"\/\",\"name\":\"Hotel Praktik \u00c8ssens\",\"description\":\"Hotel dedicado al mundo del perfume\",\"publisher\":{\"@id\":\"\/#organization\"},\"potentialAction\":[{\"@type\":\"SearchAction\",\"target\":{\"@type\":\"EntryPoint\",\"urlTemplate\":\"\/?s={search_term_string}\"},\"query-input\":\"required name=search_term_string\"}],\"inLanguage\":\"fr-FR\"},{\"@type\":\"Organization\",\"@id\":\"\/#organization\",\"name\":\"Hotel Praktik \u00c8ssens\",\"url\":\"\/\",\"logo\":{\"@type\":\"ImageObject\",\"inLanguage\":\"fr-FR\",\"@id\":\"\/#\/schema\/logo\/image\/\",\"url\":\"https:\/\/www.hotelpraktikessens.com\/wp-content\/uploads\/sites\/22\/2022\/11\/praktik-vinoteca-habitacion01.jpg\",\"contentUrl\":\"https:\/\/www.hotelpraktikessens.com\/wp-content\/uploads\/sites\/22\/2022\/11\/praktik-vinoteca-habitacion01.jpg\",\"width\":960,\"height\":635,\"caption\":\"Hotel Praktik \u00c8ssens\"},\"image\":{\"@id\":\"\/#\/schema\/logo\/image\/\"},\"sameAs\":[\"https:\/\/www.facebook.com\/praktikhotels\/\",\"https:\/\/x.com\/praktikhotels\",\"https:\/\/www.instagram.com\/praktikhotels\/\"]},{\"@type\":\"Person\",\"@id\":\"\/#\/schema\/person\/4015c3b656759440a8291536b481326d\",\"name\":\"praktkmaster\",\"image\":{\"@type\":\"ImageObject\",\"inLanguage\":\"fr-FR\",\"@id\":\"\/#\/schema\/person\/image\/\",\"url\":\"https:\/\/secure.gravatar.com\/avatar\/29d735a18eaffe4d58415575700d4e8f?s=96&d=mm&r=g\",\"contentUrl\":\"https:\/\/secure.gravatar.com\/avatar\/29d735a18eaffe4d58415575700d4e8f?s=96&d=mm&r=g\",\"caption\":\"praktkmaster\"},\"sameAs\":[\"http:\/\/praktikdev.rkinnova.com\"]}]}<\/script>\n<!-- \/ Yoast SEO plugin. -->","yoast_head_json":{"title":"D\u00e9couvrez les services de l'H\u00f4tel Praktik \u00c8ssens","description":"Notre H\u00f4tel Praktik \u00c8ssens met les meilleurs services \u00e0 votre disposition. Profitez du monde des parfums et de tout le confort.","robots":{"index":"index","follow":"follow","max-snippet":"max-snippet:-1","max-image-preview":"max-image-preview:large","max-video-preview":"max-video-preview:-1"},"canonical":"https:\/\/www.hotelpraktikessens.com\/fr\/hotel-a-barcelone\/service\/","og_locale":"fr_FR","og_type":"article","og_title":"D\u00e9couvrez les services de l'H\u00f4tel Praktik \u00c8ssens","og_description":"Notre H\u00f4tel Praktik \u00c8ssens met les meilleurs services \u00e0 votre disposition. Profitez du monde des parfums et de tout le confort.","og_url":"https:\/\/www.hotelpraktikessens.com\/fr\/hotel-a-barcelone\/service\/","og_site_name":"Hotel Praktik \u00c8ssens","article_publisher":"https:\/\/www.facebook.com\/praktikhotels\/","article_modified_time":"2024-02-21T09:47:12+00:00","og_image":[{"width":2126,"height":1417,"url":"https:\/\/www.hotelpraktikessens.com\/wp-content\/uploads\/sites\/22\/HOTEL-PRAKTIK-ESSENS-BARCELONA-HOME.jpg","type":"image\/jpeg"}],"twitter_card":"summary_large_image","twitter_title":"D\u00e9couvrez les services de l'H\u00f4tel Praktik \u00c8ssens","twitter_description":"Notre H\u00f4tel Praktik \u00c8ssens met les meilleurs services \u00e0 votre disposition. Profitez du monde des parfums et de tout le confort.","twitter_site":"@praktikhotels","twitter_misc":{"Dur\u00e9e de lecture estim\u00e9e":"4 minutes"},"schema":{"@context":"https:\/\/schema.org","@graph":[{"@type":"Article","@id":"https:\/\/www.hotelpraktikessens.com\/fr\/hotel-a-barcelone\/service\/#article","isPartOf":{"@id":"https:\/\/www.hotelpraktikessens.com\/fr\/hotel-a-barcelone\/service\/"},"author":{"name":"praktkmaster","@id":"\/#\/schema\/person\/4015c3b656759440a8291536b481326d"},"headline":"Service","datePublished":"2022-11-07T09:19:07+00:00","dateModified":"2024-02-21T09:47:12+00:00","mainEntityOfPage":{"@id":"https:\/\/www.hotelpraktikessens.com\/fr\/hotel-a-barcelone\/service\/"},"wordCount":178,"publisher":{"@id":"\/#organization"},"image":{"@id":"https:\/\/www.hotelpraktikessens.com\/fr\/hotel-a-barcelone\/service\/#primaryimage"},"thumbnailUrl":"https:\/\/www.hotelpraktikessens.com\/wp-content\/uploads\/sites\/22\/HOTEL-PRAKTIK-ESSENS-BARCELONA-HOME.jpg","inLanguage":"fr-FR"},{"@type":"WebPage","@id":"https:\/\/www.hotelpraktikessens.com\/fr\/hotel-a-barcelone\/service\/","url":"https:\/\/www.hotelpraktikessens.com\/fr\/hotel-a-barcelone\/service\/","name":"D\u00e9couvrez les services de l'H\u00f4tel Praktik \u00c8ssens","isPartOf":{"@id":"\/#website"},"primaryImageOfPage":{"@id":"https:\/\/www.hotelpraktikessens.com\/fr\/hotel-a-barcelone\/service\/#primaryimage"},"image":{"@id":"https:\/\/www.hotelpraktikessens.com\/fr\/hotel-a-barcelone\/service\/#primaryimage"},"thumbnailUrl":"https:\/\/www.hotelpraktikessens.com\/wp-content\/uploads\/sites\/22\/HOTEL-PRAKTIK-ESSENS-BARCELONA-HOME.jpg","datePublished":"2022-11-07T09:19:07+00:00","dateModified":"2024-02-21T09:47:12+00:00","description":"Notre H\u00f4tel Praktik \u00c8ssens met les meilleurs services \u00e0 votre disposition. Profitez du monde des parfums et de tout le confort.","breadcrumb":{"@id":"https:\/\/www.hotelpraktikessens.com\/fr\/hotel-a-barcelone\/service\/#breadcrumb"},"inLanguage":"fr-FR","potentialAction":[{"@type":"ReadAction","target":["https:\/\/www.hotelpraktikessens.com\/fr\/hotel-a-barcelone\/service\/"]}]},{"@type":"ImageObject","inLanguage":"fr-FR","@id":"https:\/\/www.hotelpraktikessens.com\/fr\/hotel-a-barcelone\/service\/#primaryimage","url":"https:\/\/www.hotelpraktikessens.com\/wp-content\/uploads\/sites\/22\/HOTEL-PRAKTIK-ESSENS-BARCELONA-HOME.jpg","contentUrl":"https:\/\/www.hotelpraktikessens.com\/wp-content\/uploads\/sites\/22\/HOTEL-PRAKTIK-ESSENS-BARCELONA-HOME.jpg","width":2126,"height":1417,"caption":"HOTEL-PRAKTIK-ESSENS-BARCELONA-HOME"},{"@type":"BreadcrumbList","@id":"https:\/\/www.hotelpraktikessens.com\/fr\/hotel-a-barcelone\/service\/#breadcrumb","itemListElement":[{"@type":"ListItem","position":1,"name":"Portada","item":"https:\/\/www.hotelpraktikessens.com\/fr\/"},{"@type":"ListItem","position":2,"name":"Hotel a Barcelone","item":"https:\/\/www.hotelpraktikessens.com\/fr\/"},{"@type":"ListItem","position":3,"name":"Service"}]},{"@type":"WebSite","@id":"\/#website","url":"\/","name":"Hotel Praktik \u00c8ssens","description":"Hotel dedicado al mundo del perfume","publisher":{"@id":"\/#organization"},"potentialAction":[{"@type":"SearchAction","target":{"@type":"EntryPoint","urlTemplate":"\/?s={search_term_string}"},"query-input":"required name=search_term_string"}],"inLanguage":"fr-FR"},{"@type":"Organization","@id":"\/#organization","name":"Hotel Praktik \u00c8ssens","url":"\/","logo":{"@type":"ImageObject","inLanguage":"fr-FR","@id":"\/#\/schema\/logo\/image\/","url":"https:\/\/www.hotelpraktikessens.com\/wp-content\/uploads\/sites\/22\/2022\/11\/praktik-vinoteca-habitacion01.jpg","contentUrl":"https:\/\/www.hotelpraktikessens.com\/wp-content\/uploads\/sites\/22\/2022\/11\/praktik-vinoteca-habitacion01.jpg","width":960,"height":635,"caption":"Hotel Praktik \u00c8ssens"},"image":{"@id":"\/#\/schema\/logo\/image\/"},"sameAs":["https:\/\/www.facebook.com\/praktikhotels\/","https:\/\/x.com\/praktikhotels","https:\/\/www.instagram.com\/praktikhotels\/"]},{"@type":"Person","@id":"\/#\/schema\/person\/4015c3b656759440a8291536b481326d","name":"praktkmaster","image":{"@type":"ImageObject","inLanguage":"fr-FR","@id":"\/#\/schema\/person\/image\/","url":"https:\/\/secure.gravatar.com\/avatar\/29d735a18eaffe4d58415575700d4e8f?s=96&d=mm&r=g","contentUrl":"https:\/\/secure.gravatar.com\/avatar\/29d735a18eaffe4d58415575700d4e8f?s=96&d=mm&r=g","caption":"praktkmaster"},"sameAs":["http:\/\/praktikdev.rkinnova.com"]}]}},"_links":{"self":[{"href":"https:\/\/www.hotelpraktikessens.com\/fr\/wp-json\/wp\/v2\/pages\/7687"}],"collection":[{"href":"https:\/\/www.hotelpraktikessens.com\/fr\/wp-json\/wp\/v2\/pages"}],"about":[{"href":"https:\/\/www.hotelpraktikessens.com\/fr\/wp-json\/wp\/v2\/types\/page"}],"author":[{"embeddable":true,"href":"https:\/\/www.hotelpraktikessens.com\/fr\/wp-json\/wp\/v2\/users\/1"}],"replies":[{"embeddable":true,"href":"https:\/\/www.hotelpraktikessens.com\/fr\/wp-json\/wp\/v2\/comments?post=7687"}],"version-history":[{"count":20,"href":"https:\/\/www.hotelpraktikessens.com\/fr\/wp-json\/wp\/v2\/pages\/7687\/revisions"}],"predecessor-version":[{"id":13673,"href":"https:\/\/www.hotelpraktikessens.com\/fr\/wp-json\/wp\/v2\/pages\/7687\/revisions\/13673"}],"up":[{"embeddable":true,"href":"https:\/\/www.hotelpraktikessens.com\/fr\/wp-json\/wp\/v2\/pages\/7574"}],"wp:featuredmedia":[{"embeddable":true,"href":"https:\/\/www.hotelpraktikessens.com\/fr\/wp-json\/wp\/v2\/media\/11866"}],"wp:attachment":[{"href":"https:\/\/www.hotelpraktikessens.com\/fr\/wp-json\/wp\/v2\/media?parent=7687"}],"curies":[{"name":"wp","href":"https:\/\/api.w.org\/{rel}","templated":true}]}}