{"id":7698,"date":"2022-11-07T09:19:07","date_gmt":"2022-11-07T09:19:07","guid":{"rendered":"https:\/\/www.hotelpraktikessens.com\/?page_id=7698"},"modified":"2024-02-21T09:46:19","modified_gmt":"2024-02-21T09:46:19","slug":"servizi","status":"publish","type":"page","link":"https:\/\/www.hotelpraktikessens.com\/it\/hotel-barcellona\/servizi\/","title":{"rendered":"Servizi"},"content":{"rendered":"<h1 style=\"text-align: center\">I nostri servizi<\/h1>\n<p style=\"text-align: center\"><span data-sheets-userformat=\"{&quot;2&quot;:6767,&quot;3&quot;:{&quot;1&quot;:0},&quot;4&quot;:{&quot;1&quot;:2,&quot;2&quot;:16708044},&quot;5&quot;:{&quot;1&quot;:[{&quot;1&quot;:2,&quot;2&quot;:0,&quot;5&quot;:{&quot;1&quot;:2,&quot;2&quot;:0}},{&quot;1&quot;:0,&quot;2&quot;:0,&quot;3&quot;:3},{&quot;1&quot;:1,&quot;2&quot;:0,&quot;4&quot;:1}]},&quot;6&quot;:{&quot;1&quot;:[{&quot;1&quot;:2,&quot;2&quot;:0,&quot;5&quot;:{&quot;1&quot;:2,&quot;2&quot;:0}},{&quot;1&quot;:0,&quot;2&quot;:0,&quot;3&quot;:3},{&quot;1&quot;:1,&quot;2&quot;:0,&quot;4&quot;:1}]},&quot;8&quot;:{&quot;1&quot;:[{&quot;1&quot;:2,&quot;2&quot;:0,&quot;5&quot;:{&quot;1&quot;:2,&quot;2&quot;:0}},{&quot;1&quot;:0,&quot;2&quot;:0,&quot;3&quot;:3},{&quot;1&quot;:1,&quot;2&quot;:0,&quot;4&quot;:1}]},&quot;9&quot;:1,&quot;12&quot;:0,&quot;14&quot;:{&quot;1&quot;:2,&quot;2&quot;:0},&quot;15&quot;:&quot;Arial, sans-serif&quot;}\" data-sheets-value=\"{&quot;1&quot;:2,&quot;2&quot;:&quot;El Praktik \u00c8ssens se levanta en un precioso edificio hist\u00f3rico del siglo XIX que hemos convertido en una pir\u00e1mide olfativa real. De este modo podr\u00e9is disfrutar de una ruta sensitiva por el hotel que os ayudar\u00e1 a estimular el sentido m\u00e1s primigenio del ser humano: el olfato. Perfumes y fragancias propias, seleccionadas con cuidado para que siempre record\u00e9is Barcelona.n n A tu llegada, podr\u00e1s elegir entre 3 tipos de desayuno por el mismo precio, servido de lunes a viernes de 8:00h a 12:00h y fines de semana de 9:00h a 12:00, en el restaurante Oasis.&quot;}\">Il Praktik \u00c8ssens \u00e8 costruito in uno splendido edificio storico del XIX secolo che abbiamo trasformato in una vera piramide olfattiva. Potrete cos\u00ec godere di un percorso sensibile attraverso l&#8217;hotel che vi aiuter\u00e0 a stimolare il senso pi\u00f9 primordiale dell&#8217;essere umano: l&#8217;olfatto. Profumi e fragranze propri, selezionati con cura per ricordarti sempre di Barcellona.All&#8217;arrivo potrete scegliere tra 3 tipi di colazione, servita dal luned\u00ec al venerd\u00ec dalle 8:00 alle 12:00 e nei fine settimana dalle 9:00 alle 12:00, nel ristorante Oassis.<\/span><\/p>\n<p><span><img decoding=\"async\" alt=\"wifi icono\" data-id=\"3668\" width=\"48\" data-init-width=\"48\" height=\"36\" data-init-height=\"36\" title=\"wifi-icono\" src=\"https:\/\/www.hotelpraktikessens.com\/wp-content\/uploads\/sites\/22\/2022\/11\/wifi-icono.png\" data-width=\"48\" data-height=\"36\" style=\"aspect-ratio: auto 48 \/ 36\" loading=\"lazy\"><\/span><\/p>\n<p style=\"text-align: center;color: var(--tcb-color-2)  !important\">Wi-Fi gratuito<\/p>\n<p><span><img decoding=\"async\" alt=\"icono conserjeria\" data-id=\"3660\" width=\"48\" data-init-width=\"54\" height=\"39\" data-init-height=\"44\" title=\"conserjeria-icono\" src=\"https:\/\/www.hotelpraktikessens.com\/wp-content\/uploads\/sites\/22\/2022\/11\/conserjeria-icono.png\" data-width=\"48\" data-height=\"39\" loading=\"lazy\" style=\"aspect-ratio: auto 54 \/ 44\"><\/span><\/p>\n<p style=\"text-align: center;color: var(--tcb-color-2)  !important\">&nbsp;Servizio di portineria 24\/24<\/p>\n<p><span><img decoding=\"async\" alt=\"icono m\u00e1quina de caf\u00e9\" data-id=\"3659\" width=\"40\" data-init-width=\"40\" height=\"45\" data-init-height=\"45\" title=\"cafe-icono\" src=\"https:\/\/www.hotelpraktikessens.com\/wp-content\/uploads\/sites\/22\/2022\/11\/cafe-icono.png\" data-width=\"40\" data-height=\"45\" style=\"aspect-ratio: auto 40 \/ 45\" loading=\"lazy\"><\/span><\/p>\n<p style=\"text-align: center;color: var(--tcb-color-2)  !important\">&nbsp;Macchina da caff\u00e8<\/p>\n<p><span><img decoding=\"async\" alt=\"restaurante icono\" data-id=\"3664\" width=\"55\" data-init-width=\"55\" height=\"49\" data-init-height=\"49\" title=\"restaurante-icono\" src=\"https:\/\/www.hotelpraktikessens.com\/wp-content\/uploads\/sites\/22\/2022\/11\/restaurante-icono.png\" data-width=\"55\" data-height=\"49\" style=\"aspect-ratio: auto 55 \/ 49\" loading=\"lazy\"><\/span><\/p>\n<p style=\"text-align: center;color: var(--tcb-color-2)  !important\">&nbsp;Prenotazione di ristoranti<\/p>\n<p><span><img decoding=\"async\" alt=\"desayuno\" data-id=\"8944\" width=\"70\" data-init-width=\"150\" height=\"64\" data-init-height=\"137\" title=\"desayuno\" src=\"https:\/\/www.hotelpraktikessens.com\/wp-content\/uploads\/sites\/22\/2022\/11\/desayuno.png\" data-width=\"70\" data-height=\"64\" style=\"aspect-ratio: auto 150 \/ 137\" loading=\"lazy\"><\/span><\/p>\n<p style=\"text-align: center;color: var(--tcb-color-2)  !important\">Happy hour<\/p>\n<p><span><img decoding=\"async\" alt=\"icono lavander\u00eda\" data-id=\"3662\" width=\"39\" data-init-width=\"39\" height=\"46\" data-init-height=\"46\" title=\"lavanderia-icono\" src=\"https:\/\/www.hotelpraktikessens.com\/wp-content\/uploads\/sites\/22\/2022\/11\/lavanderia-icono.png\" data-width=\"39\" data-height=\"46\" style=\"aspect-ratio: auto 39 \/ 46\" loading=\"lazy\"><\/span><\/p>\n<p style=\"text-align: center;color: var(--tcb-color-2)  !important\">&nbsp;Servizio di lavanderia<\/p>\n<p><span><img decoding=\"async\" alt=\"toallas icono\" data-id=\"3667\" width=\"32\" data-init-width=\"32\" height=\"46\" data-init-height=\"46\" title=\"toallas-icono\" src=\"https:\/\/www.hotelpraktikessens.com\/wp-content\/uploads\/sites\/22\/2022\/11\/toallas-icono.png\" data-width=\"32\" data-height=\"46\" style=\"aspect-ratio: auto 32 \/ 46\" loading=\"lazy\"><\/span><\/p>\n<p style=\"text-align: center;color: var(--tcb-color-2)  !important\">&nbsp;Asciugamani da spiaggia<\/p>\n<p><span><img decoding=\"async\" alt=\"Amenities anti alerg\u00e9nicos\" data-id=\"4508\" width=\"32\" data-init-width=\"50\" height=\"44\" data-init-height=\"69\" title=\"amenities-icon\" src=\"https:\/\/www.hotelpraktikessens.com\/wp-content\/uploads\/sites\/22\/2022\/11\/amenities-icon.png\" data-width=\"32\" data-height=\"44\" style=\"aspect-ratio: auto 50 \/ 69\" loading=\"lazy\"><\/span><\/p>\n<p style=\"text-align: center;color: var(--tcb-color-2)  !important\">&nbsp;Prodotti antiallergici<\/p>\n<p><span><img decoding=\"async\" alt=\"desayunos sin gluten\" data-id=\"8950\" width=\"50\" data-init-width=\"150\" height=\"50\" data-init-height=\"150\" title=\"nogluten\" src=\"https:\/\/www.hotelpraktikessens.com\/wp-content\/uploads\/sites\/22\/2022\/11\/nogluten.png\" data-width=\"50\" data-height=\"50\" style=\"aspect-ratio: auto 150 \/ 150\" loading=\"lazy\"><\/span><\/p>\n<p style=\"text-align: center;color: var(--tcb-color-2)  !important\">Colazione senza glutine su richiesta<\/p>\n<p><span><img decoding=\"async\" alt=\"selecci\u00f3n de almohadas\" data-id=\"8956\" width=\"52\" data-init-width=\"150\" height=\"50\" data-init-height=\"143\" title=\"almohadas\" src=\"https:\/\/www.hotelpraktikessens.com\/wp-content\/uploads\/sites\/22\/2022\/11\/almohadas.png\" data-width=\"52\" data-height=\"50\" style=\"aspect-ratio: auto 150 \/ 143\" loading=\"lazy\"><\/span><\/p>\n<p style=\"text-align: center;color: var(--tcb-color-2)  !important\">Men\u00f9 di cuscini<\/p>\n<p><span><img decoding=\"async\" alt=\"taxi aeropuerto icono\" data-id=\"3665\" width=\"64\" data-init-width=\"64\" height=\"46\" data-init-height=\"46\" title=\"taxisaeropuerto-icono\" src=\"https:\/\/www.hotelpraktikessens.com\/wp-content\/uploads\/sites\/22\/2022\/11\/taxisaeropuerto-icono.png\" data-width=\"64\" data-height=\"46\" style=\"aspect-ratio: auto 64 \/ 46\" loading=\"lazy\"><\/span><\/p>\n<p style=\"text-align: center;color: var(--tcb-color-2)  !important\">&nbsp;Trasferimento dall&#8217;aeroporto<\/p>\n<p><span><img decoding=\"async\" alt=\"icono b\u00e1scula para equipaje\" data-id=\"3657\" width=\"74\" data-init-width=\"45\" height=\"74\" data-init-height=\"45\" title=\"bascula-icono\" src=\"https:\/\/www.hotelpraktikessens.com\/wp-content\/uploads\/sites\/22\/2022\/11\/bascula-icono.png\" data-width=\"74\" data-height=\"74\" loading=\"lazy\" style=\"aspect-ratio: auto 45 \/ 45\"><\/span><\/p>\n<p style=\"text-align: center\">&nbsp;Bilancia per bagagli<\/p>\n<p><span><img decoding=\"async\" alt=\"icono parking\" data-id=\"3663\" width=\"48\" data-init-width=\"48\" height=\"48\" data-init-height=\"48\" title=\"parking-icono\" src=\"https:\/\/www.hotelpraktikessens.com\/wp-content\/uploads\/sites\/22\/2022\/11\/parking-icono.png\" data-width=\"48\" data-height=\"48\" style=\"aspect-ratio: auto 48 \/ 48\" loading=\"lazy\"><\/span><\/p>\n<p style=\"text-align: center;color: var(--tcb-color-2)  !important\">&nbsp;Parcheggio pubblico a 50 metri dall&#8217;hotel<\/p>\n<p><span><img decoding=\"async\" alt=\"accesibilidad\" data-id=\"4510\" width=\"51\" data-init-width=\"50\" height=\"51\" data-init-height=\"50\" title=\"accesibilidad-icon\" src=\"https:\/\/www.hotelpraktikessens.com\/wp-content\/uploads\/sites\/22\/2022\/11\/accesibilidad-icon.png\" data-width=\"51\" data-height=\"51\" style=\"aspect-ratio: auto 50 \/ 50\" loading=\"lazy\"><\/span><\/p>\n<p style=\"text-align: center;color: var(--tcb-color-2)  !important\">&nbsp;Accessibilit\u00e0 per le persone a mobilit\u00e0 ridotta<\/p>\n<p><span><img decoding=\"async\" alt=\"\" data-id=\"13665\" width=\"60\" data-init-width=\"2000\" height=\"60\" data-init-height=\"2000\" title=\"mini nevera\" src=\"https:\/\/www.hotelpraktikessens.com\/wp-content\/uploads\/sites\/22\/mini-nevera-e1708508503165.png\" data-width=\"60\" data-height=\"60\" style=\"aspect-ratio: auto 2000 \/ 2000\" loading=\"lazy\"><\/span><\/p>\n<p style=\"text-align: center;color: var(--tcb-color-2)  !important\">Mini frigo<\/p>\n<p style=\"text-align: center\">We are Barcelona<\/p>\n<p style=\"text-align: center\">We are Barcelona<\/p>\n<p>We are Barcelona<\/p>\n","protected":false},"excerpt":{"rendered":"<p>I nostri servizi Il Praktik \u00c8ssens \u00e8 costruito in uno splendido edificio storico del XIX secolo che abbiamo trasformato in una vera piramide olfattiva. Potrete cos\u00ec godere di un percorso sensibile attraverso l&#8217;hotel che vi aiuter\u00e0 a stimolare il senso pi\u00f9 primordiale dell&#8217;essere umano: l&#8217;olfatto. Profumi e fragranze propri, selezionati con cura per ricordarti sempre [&hellip;]<\/p>\n","protected":false},"author":1,"featured_media":11868,"parent":7560,"menu_order":0,"comment_status":"closed","ping_status":"closed","template":"","meta":{"inline_featured_image":false,"footnotes":""},"class_list":["post-7698","page","type-page","status-publish","has-post-thumbnail","hentry","post-wrapper","thrv_wrapper"],"yoast_head":"<!-- This site is optimized with the Yoast SEO plugin v23.2 - https:\/\/yoast.com\/wordpress\/plugins\/seo\/ -->\n<title>Servizi - Hotel Praktik \u00c8ssens<\/title>\n<meta name=\"description\" content=\"Trova presso l&#039;Hotel Praktik \u00c8ssens tutti i servizi di cui hai bisogno per goderti un soggiorno in citt\u00e0 esattamente come desideri. Prenota ora!\" \/>\n<meta name=\"robots\" content=\"index, follow, max-snippet:-1, max-image-preview:large, max-video-preview:-1\" \/>\n<link rel=\"canonical\" href=\"https:\/\/www.hotelpraktikessens.com\/it\/hotel-barcellona\/servizi\/\" \/>\n<meta property=\"og:locale\" content=\"it_IT\" \/>\n<meta property=\"og:type\" content=\"article\" \/>\n<meta property=\"og:title\" content=\"Servizi - Hotel Praktik \u00c8ssens\" \/>\n<meta property=\"og:description\" content=\"Trova presso l&#039;Hotel Praktik \u00c8ssens tutti i servizi di cui hai bisogno per goderti un soggiorno in citt\u00e0 esattamente come desideri. Prenota ora!\" \/>\n<meta property=\"og:url\" content=\"https:\/\/www.hotelpraktikessens.com\/it\/hotel-barcellona\/servizi\/\" \/>\n<meta property=\"og:site_name\" content=\"Hotel Praktik \u00c8ssens\" \/>\n<meta property=\"article:publisher\" content=\"https:\/\/www.facebook.com\/praktikhotels\/\" \/>\n<meta property=\"article:modified_time\" content=\"2024-02-21T09:46:19+00:00\" \/>\n<meta property=\"og:image\" content=\"https:\/\/www.hotelpraktikessens.com\/wp-content\/uploads\/sites\/22\/HOTEL-PRAKTIK-ESSENS-BARCELONA-HOME.jpg\" \/>\n\t<meta property=\"og:image:width\" content=\"2126\" \/>\n\t<meta property=\"og:image:height\" content=\"1417\" \/>\n\t<meta property=\"og:image:type\" content=\"image\/jpeg\" \/>\n<meta name=\"twitter:card\" content=\"summary_large_image\" \/>\n<meta name=\"twitter:title\" content=\"Servizi - Hotel Praktik \u00c8ssens\" \/>\n<meta name=\"twitter:description\" content=\"Trova presso l&#039;Hotel Praktik \u00c8ssens tutti i servizi di cui hai bisogno per goderti un soggiorno in citt\u00e0 esattamente come desideri. Prenota ora!\" \/>\n<meta name=\"twitter:site\" content=\"@praktikhotels\" \/>\n<meta name=\"twitter:label1\" content=\"Tempo di lettura stimato\" \/>\n\t<meta name=\"twitter:data1\" content=\"4 minuti\" \/>\n<script type=\"application\/ld+json\" class=\"yoast-schema-graph\">{\"@context\":\"https:\/\/schema.org\",\"@graph\":[{\"@type\":\"Article\",\"@id\":\"https:\/\/www.hotelpraktikessens.com\/it\/hotel-barcellona\/servizi\/#article\",\"isPartOf\":{\"@id\":\"https:\/\/www.hotelpraktikessens.com\/it\/hotel-barcellona\/servizi\/\"},\"author\":{\"name\":\"praktkmaster\",\"@id\":\"\/#\/schema\/person\/4015c3b656759440a8291536b481326d\"},\"headline\":\"Servizi\",\"datePublished\":\"2022-11-07T09:19:07+00:00\",\"dateModified\":\"2024-02-21T09:46:19+00:00\",\"mainEntityOfPage\":{\"@id\":\"https:\/\/www.hotelpraktikessens.com\/it\/hotel-barcellona\/servizi\/\"},\"wordCount\":153,\"publisher\":{\"@id\":\"\/#organization\"},\"image\":{\"@id\":\"https:\/\/www.hotelpraktikessens.com\/it\/hotel-barcellona\/servizi\/#primaryimage\"},\"thumbnailUrl\":\"https:\/\/www.hotelpraktikessens.com\/wp-content\/uploads\/sites\/22\/HOTEL-PRAKTIK-ESSENS-BARCELONA-HOME.jpg\",\"inLanguage\":\"it-IT\"},{\"@type\":\"WebPage\",\"@id\":\"https:\/\/www.hotelpraktikessens.com\/it\/hotel-barcellona\/servizi\/\",\"url\":\"https:\/\/www.hotelpraktikessens.com\/it\/hotel-barcellona\/servizi\/\",\"name\":\"Servizi - Hotel Praktik \u00c8ssens\",\"isPartOf\":{\"@id\":\"\/#website\"},\"primaryImageOfPage\":{\"@id\":\"https:\/\/www.hotelpraktikessens.com\/it\/hotel-barcellona\/servizi\/#primaryimage\"},\"image\":{\"@id\":\"https:\/\/www.hotelpraktikessens.com\/it\/hotel-barcellona\/servizi\/#primaryimage\"},\"thumbnailUrl\":\"https:\/\/www.hotelpraktikessens.com\/wp-content\/uploads\/sites\/22\/HOTEL-PRAKTIK-ESSENS-BARCELONA-HOME.jpg\",\"datePublished\":\"2022-11-07T09:19:07+00:00\",\"dateModified\":\"2024-02-21T09:46:19+00:00\",\"description\":\"Trova presso l'Hotel Praktik \u00c8ssens tutti i servizi di cui hai bisogno per goderti un soggiorno in citt\u00e0 esattamente come desideri. Prenota ora!\",\"breadcrumb\":{\"@id\":\"https:\/\/www.hotelpraktikessens.com\/it\/hotel-barcellona\/servizi\/#breadcrumb\"},\"inLanguage\":\"it-IT\",\"potentialAction\":[{\"@type\":\"ReadAction\",\"target\":[\"https:\/\/www.hotelpraktikessens.com\/it\/hotel-barcellona\/servizi\/\"]}]},{\"@type\":\"ImageObject\",\"inLanguage\":\"it-IT\",\"@id\":\"https:\/\/www.hotelpraktikessens.com\/it\/hotel-barcellona\/servizi\/#primaryimage\",\"url\":\"https:\/\/www.hotelpraktikessens.com\/wp-content\/uploads\/sites\/22\/HOTEL-PRAKTIK-ESSENS-BARCELONA-HOME.jpg\",\"contentUrl\":\"https:\/\/www.hotelpraktikessens.com\/wp-content\/uploads\/sites\/22\/HOTEL-PRAKTIK-ESSENS-BARCELONA-HOME.jpg\",\"width\":2126,\"height\":1417,\"caption\":\"HOTEL-PRAKTIK-ESSENS-BARCELONA-HOME\"},{\"@type\":\"BreadcrumbList\",\"@id\":\"https:\/\/www.hotelpraktikessens.com\/it\/hotel-barcellona\/servizi\/#breadcrumb\",\"itemListElement\":[{\"@type\":\"ListItem\",\"position\":1,\"name\":\"Portada\",\"item\":\"https:\/\/www.hotelpraktikessens.com\/it\/\"},{\"@type\":\"ListItem\",\"position\":2,\"name\":\"Hotel Barcellona\",\"item\":\"https:\/\/www.hotelpraktikessens.com\/it\/\"},{\"@type\":\"ListItem\",\"position\":3,\"name\":\"Servizi\"}]},{\"@type\":\"WebSite\",\"@id\":\"\/#website\",\"url\":\"\/\",\"name\":\"Hotel Praktik \u00c8ssens\",\"description\":\"Hotel dedicato al mondo del profumo\",\"publisher\":{\"@id\":\"\/#organization\"},\"potentialAction\":[{\"@type\":\"SearchAction\",\"target\":{\"@type\":\"EntryPoint\",\"urlTemplate\":\"\/?s={search_term_string}\"},\"query-input\":\"required name=search_term_string\"}],\"inLanguage\":\"it-IT\"},{\"@type\":\"Organization\",\"@id\":\"\/#organization\",\"name\":\"Hotel Praktik \u00c8ssens\",\"url\":\"\/\",\"logo\":{\"@type\":\"ImageObject\",\"inLanguage\":\"it-IT\",\"@id\":\"\/#\/schema\/logo\/image\/\",\"url\":\"https:\/\/www.hotelpraktikessens.com\/wp-content\/uploads\/sites\/22\/2022\/11\/praktik-vinoteca-habitacion01.jpg\",\"contentUrl\":\"https:\/\/www.hotelpraktikessens.com\/wp-content\/uploads\/sites\/22\/2022\/11\/praktik-vinoteca-habitacion01.jpg\",\"width\":960,\"height\":635,\"caption\":\"Hotel Praktik \u00c8ssens\"},\"image\":{\"@id\":\"\/#\/schema\/logo\/image\/\"},\"sameAs\":[\"https:\/\/www.facebook.com\/praktikhotels\/\",\"https:\/\/x.com\/praktikhotels\",\"https:\/\/www.instagram.com\/praktikhotels\/\"]},{\"@type\":\"Person\",\"@id\":\"\/#\/schema\/person\/4015c3b656759440a8291536b481326d\",\"name\":\"praktkmaster\",\"image\":{\"@type\":\"ImageObject\",\"inLanguage\":\"it-IT\",\"@id\":\"\/#\/schema\/person\/image\/\",\"url\":\"https:\/\/secure.gravatar.com\/avatar\/29d735a18eaffe4d58415575700d4e8f?s=96&d=mm&r=g\",\"contentUrl\":\"https:\/\/secure.gravatar.com\/avatar\/29d735a18eaffe4d58415575700d4e8f?s=96&d=mm&r=g\",\"caption\":\"praktkmaster\"},\"sameAs\":[\"http:\/\/praktikdev.rkinnova.com\"]}]}<\/script>\n<!-- \/ Yoast SEO plugin. -->","yoast_head_json":{"title":"Servizi - Hotel Praktik \u00c8ssens","description":"Trova presso l'Hotel Praktik \u00c8ssens tutti i servizi di cui hai bisogno per goderti un soggiorno in citt\u00e0 esattamente come desideri. Prenota ora!","robots":{"index":"index","follow":"follow","max-snippet":"max-snippet:-1","max-image-preview":"max-image-preview:large","max-video-preview":"max-video-preview:-1"},"canonical":"https:\/\/www.hotelpraktikessens.com\/it\/hotel-barcellona\/servizi\/","og_locale":"it_IT","og_type":"article","og_title":"Servizi - Hotel Praktik \u00c8ssens","og_description":"Trova presso l'Hotel Praktik \u00c8ssens tutti i servizi di cui hai bisogno per goderti un soggiorno in citt\u00e0 esattamente come desideri. Prenota ora!","og_url":"https:\/\/www.hotelpraktikessens.com\/it\/hotel-barcellona\/servizi\/","og_site_name":"Hotel Praktik \u00c8ssens","article_publisher":"https:\/\/www.facebook.com\/praktikhotels\/","article_modified_time":"2024-02-21T09:46:19+00:00","og_image":[{"width":2126,"height":1417,"url":"https:\/\/www.hotelpraktikessens.com\/wp-content\/uploads\/sites\/22\/HOTEL-PRAKTIK-ESSENS-BARCELONA-HOME.jpg","type":"image\/jpeg"}],"twitter_card":"summary_large_image","twitter_title":"Servizi - Hotel Praktik \u00c8ssens","twitter_description":"Trova presso l'Hotel Praktik \u00c8ssens tutti i servizi di cui hai bisogno per goderti un soggiorno in citt\u00e0 esattamente come desideri. Prenota ora!","twitter_site":"@praktikhotels","twitter_misc":{"Tempo di lettura stimato":"4 minuti"},"schema":{"@context":"https:\/\/schema.org","@graph":[{"@type":"Article","@id":"https:\/\/www.hotelpraktikessens.com\/it\/hotel-barcellona\/servizi\/#article","isPartOf":{"@id":"https:\/\/www.hotelpraktikessens.com\/it\/hotel-barcellona\/servizi\/"},"author":{"name":"praktkmaster","@id":"\/#\/schema\/person\/4015c3b656759440a8291536b481326d"},"headline":"Servizi","datePublished":"2022-11-07T09:19:07+00:00","dateModified":"2024-02-21T09:46:19+00:00","mainEntityOfPage":{"@id":"https:\/\/www.hotelpraktikessens.com\/it\/hotel-barcellona\/servizi\/"},"wordCount":153,"publisher":{"@id":"\/#organization"},"image":{"@id":"https:\/\/www.hotelpraktikessens.com\/it\/hotel-barcellona\/servizi\/#primaryimage"},"thumbnailUrl":"https:\/\/www.hotelpraktikessens.com\/wp-content\/uploads\/sites\/22\/HOTEL-PRAKTIK-ESSENS-BARCELONA-HOME.jpg","inLanguage":"it-IT"},{"@type":"WebPage","@id":"https:\/\/www.hotelpraktikessens.com\/it\/hotel-barcellona\/servizi\/","url":"https:\/\/www.hotelpraktikessens.com\/it\/hotel-barcellona\/servizi\/","name":"Servizi - Hotel Praktik \u00c8ssens","isPartOf":{"@id":"\/#website"},"primaryImageOfPage":{"@id":"https:\/\/www.hotelpraktikessens.com\/it\/hotel-barcellona\/servizi\/#primaryimage"},"image":{"@id":"https:\/\/www.hotelpraktikessens.com\/it\/hotel-barcellona\/servizi\/#primaryimage"},"thumbnailUrl":"https:\/\/www.hotelpraktikessens.com\/wp-content\/uploads\/sites\/22\/HOTEL-PRAKTIK-ESSENS-BARCELONA-HOME.jpg","datePublished":"2022-11-07T09:19:07+00:00","dateModified":"2024-02-21T09:46:19+00:00","description":"Trova presso l'Hotel Praktik \u00c8ssens tutti i servizi di cui hai bisogno per goderti un soggiorno in citt\u00e0 esattamente come desideri. Prenota ora!","breadcrumb":{"@id":"https:\/\/www.hotelpraktikessens.com\/it\/hotel-barcellona\/servizi\/#breadcrumb"},"inLanguage":"it-IT","potentialAction":[{"@type":"ReadAction","target":["https:\/\/www.hotelpraktikessens.com\/it\/hotel-barcellona\/servizi\/"]}]},{"@type":"ImageObject","inLanguage":"it-IT","@id":"https:\/\/www.hotelpraktikessens.com\/it\/hotel-barcellona\/servizi\/#primaryimage","url":"https:\/\/www.hotelpraktikessens.com\/wp-content\/uploads\/sites\/22\/HOTEL-PRAKTIK-ESSENS-BARCELONA-HOME.jpg","contentUrl":"https:\/\/www.hotelpraktikessens.com\/wp-content\/uploads\/sites\/22\/HOTEL-PRAKTIK-ESSENS-BARCELONA-HOME.jpg","width":2126,"height":1417,"caption":"HOTEL-PRAKTIK-ESSENS-BARCELONA-HOME"},{"@type":"BreadcrumbList","@id":"https:\/\/www.hotelpraktikessens.com\/it\/hotel-barcellona\/servizi\/#breadcrumb","itemListElement":[{"@type":"ListItem","position":1,"name":"Portada","item":"https:\/\/www.hotelpraktikessens.com\/it\/"},{"@type":"ListItem","position":2,"name":"Hotel Barcellona","item":"https:\/\/www.hotelpraktikessens.com\/it\/"},{"@type":"ListItem","position":3,"name":"Servizi"}]},{"@type":"WebSite","@id":"\/#website","url":"\/","name":"Hotel Praktik \u00c8ssens","description":"Hotel dedicato al mondo del profumo","publisher":{"@id":"\/#organization"},"potentialAction":[{"@type":"SearchAction","target":{"@type":"EntryPoint","urlTemplate":"\/?s={search_term_string}"},"query-input":"required name=search_term_string"}],"inLanguage":"it-IT"},{"@type":"Organization","@id":"\/#organization","name":"Hotel Praktik \u00c8ssens","url":"\/","logo":{"@type":"ImageObject","inLanguage":"it-IT","@id":"\/#\/schema\/logo\/image\/","url":"https:\/\/www.hotelpraktikessens.com\/wp-content\/uploads\/sites\/22\/2022\/11\/praktik-vinoteca-habitacion01.jpg","contentUrl":"https:\/\/www.hotelpraktikessens.com\/wp-content\/uploads\/sites\/22\/2022\/11\/praktik-vinoteca-habitacion01.jpg","width":960,"height":635,"caption":"Hotel Praktik \u00c8ssens"},"image":{"@id":"\/#\/schema\/logo\/image\/"},"sameAs":["https:\/\/www.facebook.com\/praktikhotels\/","https:\/\/x.com\/praktikhotels","https:\/\/www.instagram.com\/praktikhotels\/"]},{"@type":"Person","@id":"\/#\/schema\/person\/4015c3b656759440a8291536b481326d","name":"praktkmaster","image":{"@type":"ImageObject","inLanguage":"it-IT","@id":"\/#\/schema\/person\/image\/","url":"https:\/\/secure.gravatar.com\/avatar\/29d735a18eaffe4d58415575700d4e8f?s=96&d=mm&r=g","contentUrl":"https:\/\/secure.gravatar.com\/avatar\/29d735a18eaffe4d58415575700d4e8f?s=96&d=mm&r=g","caption":"praktkmaster"},"sameAs":["http:\/\/praktikdev.rkinnova.com"]}]}},"_links":{"self":[{"href":"https:\/\/www.hotelpraktikessens.com\/it\/wp-json\/wp\/v2\/pages\/7698"}],"collection":[{"href":"https:\/\/www.hotelpraktikessens.com\/it\/wp-json\/wp\/v2\/pages"}],"about":[{"href":"https:\/\/www.hotelpraktikessens.com\/it\/wp-json\/wp\/v2\/types\/page"}],"author":[{"embeddable":true,"href":"https:\/\/www.hotelpraktikessens.com\/it\/wp-json\/wp\/v2\/users\/1"}],"replies":[{"embeddable":true,"href":"https:\/\/www.hotelpraktikessens.com\/it\/wp-json\/wp\/v2\/comments?post=7698"}],"version-history":[{"count":18,"href":"https:\/\/www.hotelpraktikessens.com\/it\/wp-json\/wp\/v2\/pages\/7698\/revisions"}],"predecessor-version":[{"id":13671,"href":"https:\/\/www.hotelpraktikessens.com\/it\/wp-json\/wp\/v2\/pages\/7698\/revisions\/13671"}],"up":[{"embeddable":true,"href":"https:\/\/www.hotelpraktikessens.com\/it\/wp-json\/wp\/v2\/pages\/7560"}],"wp:featuredmedia":[{"embeddable":true,"href":"https:\/\/www.hotelpraktikessens.com\/it\/wp-json\/wp\/v2\/media\/11868"}],"wp:attachment":[{"href":"https:\/\/www.hotelpraktikessens.com\/it\/wp-json\/wp\/v2\/media?parent=7698"}],"curies":[{"name":"wp","href":"https:\/\/api.w.org\/{rel}","templated":true}]}}